{"id":414,"date":"2022-07-25T05:14:20","date_gmt":"2022-07-25T05:14:20","guid":{"rendered":"https:\/\/sweet-bonanza-game.com\/?page_id=414"},"modified":"2022-07-25T05:14:59","modified_gmt":"2022-07-25T05:14:59","slug":"privacy-policy","status":"publish","type":"page","link":"https:\/\/sweet-bonanza-game.com\/az\/privacy-policy\/","title":{"rendered":"Sayt\u0131n qaydalar\u0131"},"content":{"rendered":"\n<p>Sayt\u0131na xo\u015f g\u0259lmisiniz sweet-bonanza-game.com!<\/p>\n\n\n\n<p>Bu Terms ve Conditions sayt\u0131nda yerl\u0259\u015f\u0259n \u015eirin Bonanza veb istifad\u0259 qaydalar\u0131 v\u0259 qaydalar m\u00fc\u0259yy\u0259n edilir https:\/\/sweet-bonanza-game.com\/.<\/p>\n\n\n\n<p>Bu veb s\u0259hif\u0259sin\u0259 bax, biz bu Terms ve Ko\u015fullar\u0131 q\u0259bul g\u00fcman. Saytdan istifad\u0259 etm\u0259y\u0259 davam etm\u0259yin sweet-bonanza-game.com bu s\u0259hif\u0259d\u0259 g\u00f6st\u0259ril\u0259n b\u00fct\u00fcn Terms ve Ko\u015fullar\u0131 q\u0259bul raz\u0131 deyils\u0259.<\/p>\n\n\n\n<p>A\u015fa\u011f\u0131dak\u0131 terminologiya bu m\u00fcdd\u0259alara v\u0259 \u015f\u0259rtl\u0259r\u0259, M\u0259xfilik Bildiri\u015fin\u0259 v\u0259 M\u0259suliyy\u0259td\u0259n imtina bar\u0259d\u0259 Bildiri\u015f\u0259, el\u0259c\u0259 d\u0259 b\u00fct\u00fcn raz\u0131la\u015fmalara t\u0259tbiq edilir: &#8220;m\u00fc\u015ft\u0259ri&#8221;, &#8220;siz&#8221; v\u0259 &#8220;Sizin&#8221; siz\u0259, bu sayta daxil olan v\u0259 \u015firk\u0259tin \u015e\u0259rtl\u0259ri v\u0259 \u015f\u0259rtl\u0259ri il\u0259 raz\u0131la\u015fan \u015f\u0259xs\u0259 aiddir. &#8220;\u015eirk\u0259t&#8221;, &#8220;biz&#8221;, &#8220;biz&#8221;, &#8220;bizim&#8221; v\u0259 &#8220;biz&#8221; \u015firk\u0259timiz\u0259 aiddir. &#8220;Yan&#8221;,&#8221; t\u0259r\u0259fl\u0259r &#8220;v\u0259 ya&#8221; biz &#8221; h\u0259m m\u00fc\u015ft\u0259riy\u0259, h\u0259m d\u0259 biz\u0259 aiddir. B\u00fct\u00fcn terminl\u0259r Niderland\u0131n \u00fcst\u00fcnl\u00fck t\u0259\u015fkil ed\u0259n qanunvericiliyin\u0259 uy\u011fun olaraq v\u0259 n\u0259z\u0259r\u0259 al\u0131nmaqla, m\u00fc\u015ft\u0259rinin g\u00f6st\u0259ril\u0259n xidm\u0259tl\u0259rin g\u00f6st\u0259rilm\u0259sin\u0259 olan t\u0259l\u0259bat\u0131n\u0131n ayd\u0131n \u015f\u0259kild\u0259 \u00f6d\u0259nilm\u0259si m\u0259qs\u0259di il\u0259 m\u00fc\u015ft\u0259riy\u0259 \u0259n uy\u011fun \u00fcsulla k\u00f6m\u0259k g\u00f6st\u0259rm\u0259yimiz prosesinin h\u0259yata ke\u00e7irilm\u0259si \u00fc\u00e7\u00fcn z\u0259ruri olan \u00f6d\u0259ni\u015fin t\u0259klifin\u0259, q\u0259bul edilm\u0259sin\u0259 v\u0259 n\u0259z\u0259rd\u0259n ke\u00e7irilm\u0259sin\u0259 aiddir. H\u0259r hans\u0131 bir istifad\u0259 qeyd olunan terminologiya v\u0259 ya dig\u0259r s\u00f6zl\u0259r t\u0259k, c\u0259m, h\u0259rfl\u0259rl\u0259 m\u0259ktubu il\u0259 v\u0259\/v\u0259 ya o\/o v\u0259 ya onlar kimi q\u0259bul olunur d\u00fc\u015f\u00fcl\u00fcr v\u0259 buna g\u00f6r\u0259 d\u0259 aid olan bir v\u0259 eyni.<\/p>\n\n\n\n<p>Cookies<br>Biz cookies istifad\u0259. Sayta daxil olaraq sweet-bonanza-game.com siz Bonanza M\u0259xfilik Siyas\u0259tin\u0259 uy\u011fun olaraq cookie fayllar\u0131ndan istifad\u0259 etm\u0259y\u0259 raz\u0131la\u015f\u0131rs\u0131n\u0131z.<\/p>\n\n\n\n<p>\u0130nteraktiv veb-saytlar\u0131n \u0259ks\u0259riyy\u0259ti h\u0259r bir ziyar\u0259t zaman\u0131 istifad\u0259\u00e7i haqq\u0131nda m\u0259lumat \u0259ld\u0259 etm\u0259y\u0259 imkan ver\u0259n \u00e7erezl\u0259rd\u0259n istifad\u0259 edir. Cookies sayt\u0131m\u0131z\u0131n m\u00fc\u0259yy\u0259n sah\u0259l\u0259rin funksionall\u0131\u011f\u0131n\u0131 t\u0259min etm\u0259k \u00fc\u00e7\u00fcn istifad\u0259 olunur ki, bu da bizim sayta daxil olma\u011f\u0131m\u0131z\u0131 daha da asanla\u015fd\u0131rs\u0131n. Bizim t\u0259r\u0259fda\u015fl\u0131\u011f\u0131m\u0131z\/reklam t\u0259r\u0259fda\u015flar\u0131m\u0131z\u0131n b\u0259zil\u0259ri d\u0259 \u00e7erezl\u0259rd\u0259n istifad\u0259 ed\u0259 bil\u0259rl\u0259r.<\/p>\n\n\n\n<p>Lisenziya<br>Ba\u015fqa c\u00fcr g\u00f6st\u0259rilm\u0259diyi hallarda, \u015eirin Bonanza v\u0259 \/ v\u0259 ya onun lisenziya sahibl\u0259ri saytdak\u0131 b\u00fct\u00fcn materiallara intellektual m\u00fclkiyy\u0259t h\u00fcquqlar\u0131na malikdirl\u0259r sweet-bonanza-game.com b\u00fct\u00fcn \u0259qli m\u00fclkiyy\u0259t h\u00fcquqlar\u0131 qorunur. Bu sayta daxil ola bil\u0259rsiniz sweet-bonanza-game.com bu qaydalarda v\u0259 \u015f\u0259rtl\u0259rd\u0259 m\u00fc\u0259yy\u0259n edilmi\u015f m\u0259hdudiyy\u0259tl\u0259r n\u0259z\u0259r\u0259 al\u0131nmaqla \u015f\u0259xsi istifad\u0259 \u00fc\u00e7\u00fcn.<\/p>\n\n\n\n<p>Siz olmal\u0131d\u0131r:<\/p>\n\n\n\n<p>Saytdan materiallar\u0131 yenid\u0259n d\u0259rc etm\u0259k sweet-bonanza-game.com<br>Saytdan materiallara satmaq, icar\u0259y\u0259 verm\u0259k v\u0259 ya lisenziya verm\u0259k sweet-bonanza-game.com<br>Saytdan materiallar\u0131n t\u0259krarlanmas\u0131, t\u0259krarlanmas\u0131 v\u0259 ya sur\u0259ti sweet-bonananza-game.com<br>Materiallar\u0131 saytdan yenid\u0259n yaymaq sweet-bonanza-game.com<br>Bu Sazi\u015f imzaland\u0131\u011f\u0131 tarixd\u0259n q\u00fcvv\u0259y\u0259 minir.<\/p>\n\n\n\n<p>Bu sayt\u0131n m\u00fc\u0259yy\u0259n b\u00f6lm\u0259l\u0259rind\u0259 istifad\u0259\u00e7il\u0259r\u0259 fikir v\u0259 m\u0259lumatlar\u0131 yerl\u0259\u015fdirm\u0259k v\u0259 b\u00f6l\u00fc\u015fm\u0259k imkan\u0131 verilir. \u015eirin Bonanza s\u00fczg\u0259cd\u0259n ke\u00e7irilmir, redakt\u0259 etmir, d\u0259rc etmir v\u0259 saytda g\u00f6r\u00fcnm\u0259zd\u0259n \u0259vv\u0259l \u015f\u0259rhl\u0259r\u0259 baxm\u0131r. \u015e\u0259rhl\u0259r \u015eirin Bonanza, onun agentl\u0259ri v\u0259\/v\u0259 ya \u0259laq\u0259li \u015f\u0259xsl\u0259rin fikirl\u0259rini v\u0259 fikirl\u0259rini \u0259ks etdirmir. \u015e\u0259rhl\u0259r onlar\u0131 yerl\u0259\u015fdir\u0259n \u015f\u0259xsin fikirl\u0259rini v\u0259 fikirl\u0259rini \u0259ks etdirir. Q\u00fcvv\u0259d\u0259 olan qanun \u00e7\u0259r\u00e7iv\u0259sind\u0259, \u015eirin Bonanza \u015f\u0259rh v\u0259 ya h\u0259r hans\u0131 bir m\u0259suliyy\u0259t \u00fc\u00e7\u00fcn m\u0259suliyy\u0259t da\u015f\u0131m\u0131r, s\u0259b\u0259b v\u0259\/v\u0259 ya istifad\u0259 v\u0259\/v\u0259 ya yerl\u0259\u015fdirilm\u0259si v\u0259\/v\u0259 ya bu saytda \u015f\u0259rh g\u00f6r\u00fcn\u00fc\u015f\u00fc n\u0259tic\u0259sind\u0259 \u00e7\u0259kilmi\u015f z\u0259r\u0259r v\u0259 ya x\u0259rcl\u0259r.<\/p>\n\n\n\n<p>\u015eirin Bonanza b\u00fct\u00fcn \u015f\u0259rh izlemek v\u0259 yersiz hesab edil\u0259 bil\u0259r ki, h\u0259r hans\u0131 bir \u015f\u0259rh, t\u0259hqiramiz v\u0259 ya bu Terms ve Ko\u015fullar\u0131 pozan silm\u0259k h\u00fcququnu \u00f6z\u00fcnd\u0259 saxlay\u0131r.<\/p>\n\n\n\n<p>Siz z\u0259man\u0259t v\u0259 b\u0259yan:<\/p>\n\n\n\n<p>Siz bizim saytda \u015f\u0259rh yerl\u0259\u015fdirm\u0259k h\u00fcququna maliksiniz v\u0259 bunun \u00fc\u00e7\u00fcn b\u00fct\u00fcn laz\u0131mi lisenziyalara v\u0259 raz\u0131la\u015fmalara maliksiniz;<br>\u015e\u0259rhl\u0259r m\u0259hdudiyy\u0259t olmadan, o c\u00fcml\u0259d\u0259n h\u0259r hans\u0131 bir \u0259qli m\u00fclkiyy\u0259t h\u00fcquqlar\u0131n\u0131n pozulmas\u0131 deyil, m\u00fc\u0259llif h\u00fcquqlar\u0131, Patent v\u0259 ya \u00fc\u00e7\u00fcnc\u00fc t\u0259r\u0259fl\u0259rin ticar\u0259t ni\u015fanlar\u0131;<br>\u015e\u0259rhl\u0259r gizlilik i\u015f\u011fal ed\u0259n b\u00f6htan, t\u0259hqiramiz, \u0259d\u0259bsiz v\u0259 ya dig\u0259r qeyri-qanuni materiallar yoxdur.<br>\u015e\u0259rhl\u0259r biznesin v\u0259 ya g\u00f6mr\u00fckl\u0259rin c\u0259lb edilm\u0259si v\u0259 ya t\u0259\u015fviqi \u00fc\u00e7\u00fcn istifad\u0259 olunmayacaq v\u0259 ya kommersiya f\u0259aliyy\u0259ti v\u0259 ya qeyri-qanuni f\u0259aliyy\u0259t g\u00f6st\u0259r\u0259c\u0259kdir.<br>Bununla siz t\u0259min Sweet Bonanza qeyri-m\u00fcst\u0259sna lisenziya istifad\u0259si, b\u0259rpas\u0131, redakt\u0259 v\u0259 icaz\u0259 ba\u015fqa \u015f\u0259xsl\u0259r\u0259 istifad\u0259 etm\u0259k, oynamaq v\u0259 redakt\u0259 etm\u0259k, h\u0259r hans\u0131 bir \u015e\u0259rh, h\u0259r hans\u0131 bir v\u0259 h\u0259r hans\u0131 formalar\u0131, format v\u0259 k\u00fctl\u0259vi informasiya vasit\u0259l\u0259ri.<\/p>\n\n\n\n<p>Bizim m\u0259zmun linkl\u0259rin<br>A\u015fa\u011f\u0131dak\u0131 t\u0259\u015fkilatlar \u0259vv\u0259lc\u0259d\u0259n yaz\u0131l\u0131 icaz\u0259 olmadan bizim saytda links g\u00f6nd\u0259r\u0259 bil\u0259rsiniz:<\/p>\n\n\n\n<p>D\u00f6vl\u0259t m\u00fc\u0259ssis\u0259l\u0259ri;<br>Axtar\u0131\u015f sistemi;<br>X\u0259b\u0259r t\u0259\u015fkili;<br>Online kataloq distribyutorlar\u0131 dig\u0259r sadalanan m\u00fc\u0259ssis\u0259l\u0259rin saytlar\u0131na istinad etdikl\u0259ri kimi bizim veb sayt\u0131m\u0131za eyni \u015f\u0259kild\u0259 m\u00fcraci\u0259t ed\u0259 bil\u0259rl\u0259r; v\u0259<br>\u0130an\u0259l\u0259r, xeyriyy\u0259 m\u0259rk\u0259zl\u0259ri v\u0259 xeyriyy\u0259\u00e7ilik \u00fc\u00e7\u00fcn fandreyzinq qruplar\u0131 il\u0259 m\u0259\u015f\u011ful olan qeyri-kommersiya t\u0259\u015fkilatlar\u0131 istisna olmaqla, b\u00fct\u00fcn sistem \u00e7\u0259r\u00e7iv\u0259sind\u0259 akkredit\u0259 olunmu\u015f m\u00fc\u0259ssis\u0259l\u0259r bizim veb sayt\u0131m\u0131za hiperlinkl\u0259ri yerl\u0259\u015fdir\u0259 bilm\u0259z.<br>Bu t\u0259\u015fkilatlar bizim s\u0259hif\u0259miz\u0259, veb-sayt\u0131n n\u0259\u015frl\u0259rin\u0259 v\u0259 ya dig\u0259r m\u0259lumatlar\u0131na istinad ed\u0259 bil\u0259rl\u0259r, bu \u015f\u0259rtl\u0259 ki, istinad: (a) aldad\u0131c\u0131 deyil; (b) istinad ed\u0259n t\u0259r\u0259fin v\u0259 onun m\u0259hsul v\u0259\/v\u0259 ya xidm\u0259tl\u0259rinin sponsorlu\u011funu, t\u0259sdiqini v\u0259 ya t\u0259sdiqini n\u0259z\u0259rd\u0259 tutmas\u0131n; v\u0259 (C) istinad ed\u0259n t\u0259r\u0259fin sayt\u0131n kontekstin\u0259 uy\u011fun olsun.<\/p>\n\n\n\n<p>Biz n\u0259z\u0259rd\u0259n ke\u00e7irm\u0259k v\u0259 t\u0259\u015fkilatlar\u0131n a\u015fa\u011f\u0131dak\u0131 n\u00f6v dig\u0259r istinad sor\u011fu T\u0259sdiq ed\u0259 bil\u0259r:<\/p>\n\n\n\n<p>istehlak\u00e7\u0131 v\u0259\/v\u0259 ya biznes m\u0259lumatlar\u0131n\u0131n tan\u0131nm\u0131\u015f m\u0259nb\u0259l\u0259ri;<br>saytlar birliyi dot.com;<br>xeyriyy\u0259 t\u0259\u015fkilatlar\u0131n\u0131 t\u0259msil ed\u0259n assosiasiyalar v\u0259 ya dig\u0259r qruplar;<br>onlayn kataloq distribyutorlar\u0131;<br>internet portallar\u0131;<br>M\u00fchasibat, h\u00fcquq v\u0259 konsaltinq \u015firk\u0259tl\u0259ri; v\u0259<br>t\u0259hsil m\u00fc\u0259ssis\u0259l\u0259ri v\u0259 ticar\u0259t assosiasiyalar\u0131.<br>Biz q\u0259rar \u0259g\u0259r biz bu t\u0259\u015fkilatlar\u0131n links yerl\u0259\u015fdirilm\u0259si \u00fc\u00e7\u00fcn sor\u011fu T\u0259sdiq: (a) link bizim \u00f6z\u00fcm\u00fcz v\u0259 ya akkredit\u0259 edilmi\u015f m\u00fc\u0259ssis\u0259l\u0259r haqq\u0131nda m\u0259nfi t\u0259\u0259ss\u00fcrat yaratmaq deyil; (b) t\u0259\u015fkilat biz\u0259 he\u00e7 bir m\u0259nfi r\u0259y var; (c) k\u00f6pr\u00fc g\u00f6r\u00fcn\u00fcrl\u00fc\u011f\u00fcn\u00fc bizim \u00fc\u00e7\u00fcn fayda \u015eirin Bonanza olmamas\u0131 kompensasiya; v\u0259 (D) Link resurs haqq\u0131nda \u00fcmumi m\u0259lumat kontekstind\u0259.<\/p>\n\n\n\n<p>Bu t\u0259\u015fkilatlar Link kimi uzun kimi ana istinad ed\u0259 bil\u0259r: (a) h\u0259r hans\u0131 bir \u015f\u0259kild\u0259 aldad\u0131c\u0131 deyil; (b) linki yerl\u0259\u015fdir\u0259n t\u0259r\u0259fin sponsorluq, t\u0259sdiq v\u0259 ya T\u0259sdiq edilm\u0259sini v\u0259 onun m\u0259hsul v\u0259 ya xidm\u0259tl\u0259rini n\u0259z\u0259rd\u0259 tutmur; v\u0259 (C) istinad yerl\u0259\u015fdir\u0259n t\u0259r\u0259fin sayt\u0131n\u0131n kontekstin\u0259 uy\u011fun g\u0259lir.<\/p>\n\n\n\n<p>\u018fg\u0259r siz yuxar\u0131da 2-ci b\u0259ndd\u0259 sadalanan t\u0259\u015fkilatlardan birisinizs\u0259 v\u0259 bizim sayta Linkin yerl\u0259\u015fdirilm\u0259sind\u0259 maraql\u0131s\u0131n\u0131zsa, bu bar\u0259d\u0259 biz\u0259 \u015firin Bonanza \u00fcnvan\u0131na elektron m\u0259ktub g\u00f6nd\u0259rm\u0259kl\u0259 m\u0259lumat verm\u0259lisiniz. Xahi\u015f edirik sayt\u0131n\u0131z\u0131n ad\u0131n\u0131, t\u0259\u015fkilat\u0131n\u0131z\u0131n ad\u0131n\u0131, \u0259laq\u0259 m\u0259lumatlar\u0131n\u0131 v\u0259 veb sayt\u0131n\u0131z\u0131n urlini, sayt\u0131m\u0131za m\u00fcraci\u0259t etm\u0259k niyy\u0259tind\u0259 oldu\u011funuz b\u00fct\u00fcn URL &#8216;lerin siyah\u0131s\u0131n\u0131 v\u0259 istinad etm\u0259k ist\u0259diyiniz sayt\u0131m\u0131z\u0131n URL&#8217; sinin siyah\u0131s\u0131n\u0131 g\u00f6st\u0259rin. Cavab almaq \u00fc\u00e7\u00fcn 2-3 h\u0259ft\u0259 g\u00f6zl\u0259yin.<\/p>\n\n\n\n<p>T\u0259sdiq edilmi\u015f t\u0259\u015fkilatlar a\u015fa\u011f\u0131dak\u0131 kimi sayt\u0131m\u0131za hiperlinkl\u0259r ed\u0259 bil\u0259rl\u0259r:<\/p>\n\n\n\n<p>bizim firma ad\u0131 istifad\u0259 ed\u0259r\u0259k; v\u0259 ya<br>\u0130stinad edil\u0259n resursun vahid axtar\u0131\u015f\u0131n\u0131 istifad\u0259 ed\u0259r\u0259k; v\u0259 ya<br>Sayt\u0131m\u0131z\u0131n h\u0259r hans\u0131 dig\u0259r t\u0259sviri istifad\u0259 ed\u0259r\u0259k, istinad ed\u0259n t\u0259r\u0259fin veb sayt\u0131nda m\u0259zmun kontekstind\u0259 v\u0259 format\u0131nda m\u0259nal\u0131 olan bir istinad edilir.<br>\u015eirin Bonanza loqosunun v\u0259 ya dig\u0259r s\u0259n\u0259t \u0259s\u0259rl\u0259rinin linkl\u0259rin yerl\u0259\u015fdirilm\u0259si \u00fc\u00e7\u00fcn istifad\u0259sin\u0259 ticar\u0259t ni\u015fan\u0131n\u0131n istifad\u0259sin\u0259 dair lisenziya m\u00fcqavil\u0259si olmad\u0131qda yol verilmir.<\/p>\n\n\n\n<p>iframe<br>\u0130lkin raz\u0131l\u0131q v\u0259 yaz\u0131l\u0131 icaz\u0259 olmadan siz bizim veb-s\u0259hif\u0259l\u0259rimizin \u0259traf\u0131nda \u00e7\u0259r\u00e7iv\u0259 yarada bilm\u0259zsiniz ki, bu da sayt\u0131m\u0131z\u0131n vizual g\u00f6r\u00fcn\u00fc\u015f\u00fcn\u00fc v\u0259 ya xarici g\u00f6r\u00fcn\u00fc\u015f\u00fcn\u00fc h\u0259r hans\u0131 \u015f\u0259kild\u0259 d\u0259yi\u015fdirir.<\/p>\n\n\n\n<p>M\u0259zmununa g\u00f6r\u0259 m\u0259suliyy\u0259t<br>Veb sayt\u0131n\u0131zdak\u0131 h\u0259r hans\u0131 bir m\u0259zmun \u00fc\u00e7\u00fcn m\u0259suliyy\u0259t da\u015f\u0131m\u0131r\u0131q. Veb sayt\u0131n\u0131zda yaranan b\u00fct\u00fcn iddialardan bizi m\u00fcdafi\u0259 etm\u0259y\u0259 v\u0259 m\u00fcdafi\u0259 etm\u0259y\u0259 raz\u0131l\u0131q verirsiniz. H\u0259r hans\u0131 bir veb sayt b\u00f6htan, \u0259d\u0259bsiz v\u0259 ya cinay\u0259t kimi t\u0259fsir edil\u0259 bil\u0259n, yaxud \u00fc\u00e7\u00fcnc\u00fc \u015f\u0259xsl\u0259rin h\u00fcquqlar\u0131n\u0131n pozulmas\u0131 v\u0259 ya dig\u0259r pozuntusunu pozan, ba\u015fqa c\u00fcr pozan, yaxud t\u0259bli\u011f ed\u0259n istinadlar g\u00f6r\u00fcnm\u0259m\u0259lidir.<\/p>\n\n\n\n<p>Sizin privacy<br>Gizlilik Siyas\u0259ti oxuyun<\/p>\n\n\n\n<p>H\u00fcquqlar\u0131 Disclaimer<br>Biz b\u00fct\u00fcn links v\u0259 ya bizim saytda h\u0259r hans\u0131 bir x\u00fcsusi link aradan qald\u0131r\u0131lmas\u0131 t\u0259l\u0259b etm\u0259k h\u00fcququna malikik. Siz d\u0259rhal ilk t\u0259l\u0259bi bizim saytda b\u00fct\u00fcn links aradan qald\u0131r\u0131lmas\u0131 \u00fc\u00e7\u00fcn \u00f6hd\u0259l\u0259rin\u0259 g\u00f6t\u00fcr\u00fcrl\u0259r. Biz d\u0259 bu \u015f\u0259rtl\u0259r v\u0259 \u015f\u0259rtl\u0259r\u0259 v\u0259 istinad yerl\u0259\u015fdirm\u0259 siyas\u0259tin\u0259 ist\u0259nil\u0259n vaxt d\u0259yi\u015fiklik etm\u0259k h\u00fcququnu \u00f6z\u00fcm\u00fczd\u0259 saxlay\u0131r\u0131q. Veb sayt\u0131m\u0131za davaml\u0131 olaraq Linkl\u0259r yerl\u0259\u015fdir\u0259r\u0259k, bu \u015f\u0259rtl\u0259r v\u0259 \u015f\u0259rtl\u0259r\u0259 riay\u0259t etm\u0259y\u0259 raz\u0131la\u015f\u0131rs\u0131n\u0131z.<\/p>\n\n\n\n<p>Bizim saytda links aradan qald\u0131r\u0131lmas\u0131<br>Sayt\u0131m\u0131zda h\u0259r hans\u0131 bir s\u0259b\u0259bd\u0259n t\u0259hqiramiz bir link taparsan\u0131z, h\u0259r hans\u0131 bir zamanda biz\u0259 m\u00fcraci\u0259t ed\u0259 v\u0259 bu bar\u0259d\u0259 m\u0259lumat ver\u0259 bil\u0259rsiniz. Biz \u0259laq\u0259l\u0259ri silm\u0259k \u00fc\u00e7\u00fcn sor\u011fular\u0131 n\u0259z\u0259rd\u0259n ke\u00e7ir\u0259c\u0259yik, amma bunu etm\u0259k v\u0259 ya birba\u015fa cavab verm\u0259k m\u0259cburiyy\u0259tind\u0259 deyilik.<\/p>\n\n\n\n<p>Biz bu saytda m\u0259lumatlar\u0131n d\u00fczg\u00fcnl\u00fcy\u00fcn\u0259 z\u0259man\u0259t vermirik, biz onun taml\u0131\u011f\u0131na v\u0259 ya d\u0259qiqliyin\u0259 z\u0259man\u0259t vermirik; biz d\u0259 sayt\u0131n m\u00f6vcud olaca\u011f\u0131na v\u0259 ya saytdak\u0131 materiallar\u0131n yenil\u0259n\u0259c\u0259yin\u0259 dair s\u00f6z vermirik.<\/p>\n\n\n\n<p>M\u0259suliyy\u0259td\u0259n imtina<br>M\u00f6vcud qanunvericiliyin icaz\u0259 verdiyi maksimum d\u0259r\u0259c\u0259d\u0259, veb sayt\u0131m\u0131zla v\u0259 bu veb sayt\u0131n istifad\u0259si il\u0259 ba\u011fl\u0131 b\u00fct\u00fcn hesabatlar\u0131, t\u0259minatlar\u0131 v\u0259 \u015f\u0259rtl\u0259ri istisna edirik. Bu M\u0259suliyy\u0259td\u0259n imtina he\u00e7 bir \u015fey olmayacaq:<\/p>\n\n\n\n<p>m\u0259hdudla\u015fd\u0131rmaq v\u0259 ya \u00f6l\u00fcm v\u0259 ya b\u0259d\u0259n x\u0259sar\u0259tl\u0259ri \u00fc\u00e7\u00fcn bizim v\u0259 ya m\u0259suliyy\u0259t istisna;<br>bizim v\u0259 ya sizin d\u0259l\u0259duzluq v\u0259 ya d\u0259l\u0259duzluq \u00fc\u00e7\u00fcn m\u0259suliyy\u0259tinizi m\u0259hdudla\u015fd\u0131rmaq v\u0259 ya istisna etm\u0259k;<br>bizim v\u0259 ya \u00f6hd\u0259likl\u0259rinizd\u0259n h\u0259r hans\u0131 birinin q\u00fcvv\u0259d\u0259 olan qanunvericilikl\u0259 icaz\u0259 verilm\u0259y\u0259n h\u0259r hans\u0131 bir \u015f\u0259kild\u0259 m\u0259hdudla\u015fd\u0131r\u0131lmas\u0131; v\u0259 ya<br>m\u00f6vcud qanunvericiliy\u0259 uy\u011fun olaraq istisna edil\u0259 bilm\u0259z ki, bizim v\u0259 ya \u00f6hd\u0259likl\u0259rin h\u0259r hans\u0131 istisna.<br>Bu M\u0259suliyy\u0259td\u0259n imtina Bu b\u00f6lm\u0259d\u0259 v\u0259 dig\u0259r b\u00f6lm\u0259l\u0259rd\u0259 m\u00fc\u0259yy\u0259n edilmi\u015f m\u0259suliyy\u0259tin m\u0259hdudiyy\u0259tl\u0259ri v\u0259 qada\u011falar\u0131: (a) \u0259vv\u0259lki b\u0259nd\u0259 tabedir; v\u0259 (b) delikt n\u0259tic\u0259sind\u0259 v\u0259 qanunla m\u00fc\u0259yy\u0259n edilmi\u015f v\u0259zif\u0259l\u0259rin pozulmas\u0131na g\u00f6r\u0259 m\u00fcqavil\u0259 \u00fczr\u0259 yaranan \u00f6hd\u0259likl\u0259r d\u0259 daxil olmaqla, M\u0259suliyy\u0259td\u0259n imtina \u00e7\u0259r\u00e7iv\u0259sind\u0259 yaranan b\u00fct\u00fcn \u00f6hd\u0259likl\u0259ri t\u0259nziml\u0259yir.<\/p>\n\n\n\n<p>Veb sayt, m\u0259lumat v\u0259 xidm\u0259tl\u0259r pulsuz olaraq t\u0259qdim olunana q\u0259d\u0259r, h\u0259r hans\u0131 bir xarakterin h\u0259r hans\u0131 bir z\u0259r\u0259r v\u0259 ya z\u0259r\u0259r \u00fc\u00e7\u00fcn m\u0259suliyy\u0259t da\u015f\u0131m\u0131r\u0131q.<\/p>\n","protected":false},"excerpt":{"rendered":"<p>Sayt\u0131na xo\u015f g\u0259lmisiniz sweet-bonanza-game.com! Bu Terms ve Conditions sayt\u0131nda yerl\u0259\u015f\u0259n \u015eirin Bonanza veb istifad\u0259 qaydalar\u0131 v\u0259 qaydalar m\u00fc\u0259yy\u0259n edilir https:\/\/sweet-bonanza-game.com\/. Bu veb s\u0259hif\u0259sin\u0259 bax, biz bu Terms ve Ko\u015fullar\u0131 q\u0259bul g\u00fcman. Saytdan istifad\u0259 etm\u0259y\u0259 davam etm\u0259yin sweet-bonanza-game.com bu s\u0259hif\u0259d\u0259 g\u00f6st\u0259ril\u0259n b\u00fct\u00fcn Terms ve Ko\u015fullar\u0131 q\u0259bul raz\u0131 deyils\u0259. A\u015fa\u011f\u0131dak\u0131 terminologiya bu m\u00fcdd\u0259alara v\u0259 \u015f\u0259rtl\u0259r\u0259, M\u0259xfilik Bildiri\u015fin\u0259 [&hellip;]<\/p>\n","protected":false},"author":1,"featured_media":0,"parent":0,"menu_order":0,"comment_status":"closed","ping_status":"closed","template":"","meta":{"footnotes":""},"class_list":["post-414","page","type-page","status-publish","hentry"],"yoast_head":"<!-- This site is optimized with the Yoast SEO plugin v19.10 - https:\/\/yoast.com\/wordpress\/plugins\/seo\/ -->\n<title>Sayt\u0131n qaydalar\u0131 - Sweet Bonanza<\/title>\n<meta name=\"robots\" content=\"index, follow, max-snippet:-1, max-image-preview:large, max-video-preview:-1\" \/>\n<link rel=\"canonical\" href=\"https:\/\/sweet-bonanza-game.com\/az\/privacy-policy\/\" \/>\n<meta property=\"og:locale\" content=\"az_AZ\" \/>\n<meta property=\"og:type\" content=\"article\" \/>\n<meta property=\"og:title\" content=\"Sayt\u0131n qaydalar\u0131 - Sweet Bonanza\" \/>\n<meta property=\"og:description\" content=\"Sayt\u0131na xo\u015f g\u0259lmisiniz sweet-bonanza-game.com! Bu Terms ve Conditions sayt\u0131nda yerl\u0259\u015f\u0259n \u015eirin Bonanza veb istifad\u0259 qaydalar\u0131 v\u0259 qaydalar m\u00fc\u0259yy\u0259n edilir https:\/\/sweet-bonanza-game.com\/. Bu veb s\u0259hif\u0259sin\u0259 bax, biz bu Terms ve Ko\u015fullar\u0131 q\u0259bul g\u00fcman. Saytdan istifad\u0259 etm\u0259y\u0259 davam etm\u0259yin sweet-bonanza-game.com bu s\u0259hif\u0259d\u0259 g\u00f6st\u0259ril\u0259n b\u00fct\u00fcn Terms ve Ko\u015fullar\u0131 q\u0259bul raz\u0131 deyils\u0259. A\u015fa\u011f\u0131dak\u0131 terminologiya bu m\u00fcdd\u0259alara v\u0259 \u015f\u0259rtl\u0259r\u0259, M\u0259xfilik Bildiri\u015fin\u0259 [&hellip;]\" \/>\n<meta property=\"og:url\" content=\"https:\/\/sweet-bonanza-game.com\/az\/privacy-policy\/\" \/>\n<meta property=\"og:site_name\" content=\"Sweet Bonanza\" \/>\n<meta property=\"article:modified_time\" content=\"2022-07-25T05:14:59+00:00\" \/>\n<meta name=\"twitter:card\" content=\"summary_large_image\" \/>\n<meta name=\"twitter:label1\" content=\"Est. reading time\" \/>\n\t<meta name=\"twitter:data1\" content=\"8 minutes\" \/>\n<script type=\"application\/ld+json\" class=\"yoast-schema-graph\">{\"@context\":\"https:\/\/schema.org\",\"@graph\":[{\"@type\":\"WebPage\",\"@id\":\"https:\/\/sweet-bonanza-game.com\/az\/privacy-policy\/\",\"url\":\"https:\/\/sweet-bonanza-game.com\/az\/privacy-policy\/\",\"name\":\"Sayt\u0131n qaydalar\u0131 - Sweet Bonanza\",\"isPartOf\":{\"@id\":\"https:\/\/sweet-bonanza-game.com\/#website\"},\"datePublished\":\"2022-07-25T05:14:20+00:00\",\"dateModified\":\"2022-07-25T05:14:59+00:00\",\"breadcrumb\":{\"@id\":\"https:\/\/sweet-bonanza-game.com\/az\/privacy-policy\/#breadcrumb\"},\"inLanguage\":\"az\",\"potentialAction\":[{\"@type\":\"ReadAction\",\"target\":[\"https:\/\/sweet-bonanza-game.com\/az\/privacy-policy\/\"]}]},{\"@type\":\"BreadcrumbList\",\"@id\":\"https:\/\/sweet-bonanza-game.com\/az\/privacy-policy\/#breadcrumb\",\"itemListElement\":[{\"@type\":\"ListItem\",\"position\":1,\"name\":\"Home\",\"item\":\"https:\/\/sweet-bonanza-game.com\/az\/\"},{\"@type\":\"ListItem\",\"position\":2,\"name\":\"Sayt\u0131n qaydalar\u0131\"}]},{\"@type\":\"WebSite\",\"@id\":\"https:\/\/sweet-bonanza-game.com\/#website\",\"url\":\"https:\/\/sweet-bonanza-game.com\/\",\"name\":\"Sweet Bonanza\",\"description\":\"\",\"potentialAction\":[{\"@type\":\"SearchAction\",\"target\":{\"@type\":\"EntryPoint\",\"urlTemplate\":\"https:\/\/sweet-bonanza-game.com\/?s={search_term_string}\"},\"query-input\":\"required name=search_term_string\"}],\"inLanguage\":\"az\"}]}<\/script>\n<!-- \/ Yoast SEO plugin. -->","yoast_head_json":{"title":"Sayt\u0131n qaydalar\u0131 - Sweet Bonanza","robots":{"index":"index","follow":"follow","max-snippet":"max-snippet:-1","max-image-preview":"max-image-preview:large","max-video-preview":"max-video-preview:-1"},"canonical":"https:\/\/sweet-bonanza-game.com\/az\/privacy-policy\/","og_locale":"az_AZ","og_type":"article","og_title":"Sayt\u0131n qaydalar\u0131 - Sweet Bonanza","og_description":"Sayt\u0131na xo\u015f g\u0259lmisiniz sweet-bonanza-game.com! Bu Terms ve Conditions sayt\u0131nda yerl\u0259\u015f\u0259n \u015eirin Bonanza veb istifad\u0259 qaydalar\u0131 v\u0259 qaydalar m\u00fc\u0259yy\u0259n edilir https:\/\/sweet-bonanza-game.com\/. Bu veb s\u0259hif\u0259sin\u0259 bax, biz bu Terms ve Ko\u015fullar\u0131 q\u0259bul g\u00fcman. Saytdan istifad\u0259 etm\u0259y\u0259 davam etm\u0259yin sweet-bonanza-game.com bu s\u0259hif\u0259d\u0259 g\u00f6st\u0259ril\u0259n b\u00fct\u00fcn Terms ve Ko\u015fullar\u0131 q\u0259bul raz\u0131 deyils\u0259. A\u015fa\u011f\u0131dak\u0131 terminologiya bu m\u00fcdd\u0259alara v\u0259 \u015f\u0259rtl\u0259r\u0259, M\u0259xfilik Bildiri\u015fin\u0259 [&hellip;]","og_url":"https:\/\/sweet-bonanza-game.com\/az\/privacy-policy\/","og_site_name":"Sweet Bonanza","article_modified_time":"2022-07-25T05:14:59+00:00","twitter_card":"summary_large_image","twitter_misc":{"Est. reading time":"8 minutes"},"schema":{"@context":"https:\/\/schema.org","@graph":[{"@type":"WebPage","@id":"https:\/\/sweet-bonanza-game.com\/az\/privacy-policy\/","url":"https:\/\/sweet-bonanza-game.com\/az\/privacy-policy\/","name":"Sayt\u0131n qaydalar\u0131 - Sweet Bonanza","isPartOf":{"@id":"https:\/\/sweet-bonanza-game.com\/#website"},"datePublished":"2022-07-25T05:14:20+00:00","dateModified":"2022-07-25T05:14:59+00:00","breadcrumb":{"@id":"https:\/\/sweet-bonanza-game.com\/az\/privacy-policy\/#breadcrumb"},"inLanguage":"az","potentialAction":[{"@type":"ReadAction","target":["https:\/\/sweet-bonanza-game.com\/az\/privacy-policy\/"]}]},{"@type":"BreadcrumbList","@id":"https:\/\/sweet-bonanza-game.com\/az\/privacy-policy\/#breadcrumb","itemListElement":[{"@type":"ListItem","position":1,"name":"Home","item":"https:\/\/sweet-bonanza-game.com\/az\/"},{"@type":"ListItem","position":2,"name":"Sayt\u0131n qaydalar\u0131"}]},{"@type":"WebSite","@id":"https:\/\/sweet-bonanza-game.com\/#website","url":"https:\/\/sweet-bonanza-game.com\/","name":"Sweet Bonanza","description":"","potentialAction":[{"@type":"SearchAction","target":{"@type":"EntryPoint","urlTemplate":"https:\/\/sweet-bonanza-game.com\/?s={search_term_string}"},"query-input":"required name=search_term_string"}],"inLanguage":"az"}]}},"_links":{"self":[{"href":"https:\/\/sweet-bonanza-game.com\/az\/wp-json\/wp\/v2\/pages\/414","targetHints":{"allow":["GET"]}}],"collection":[{"href":"https:\/\/sweet-bonanza-game.com\/az\/wp-json\/wp\/v2\/pages"}],"about":[{"href":"https:\/\/sweet-bonanza-game.com\/az\/wp-json\/wp\/v2\/types\/page"}],"author":[{"embeddable":true,"href":"https:\/\/sweet-bonanza-game.com\/az\/wp-json\/wp\/v2\/users\/1"}],"replies":[{"embeddable":true,"href":"https:\/\/sweet-bonanza-game.com\/az\/wp-json\/wp\/v2\/comments?post=414"}],"version-history":[{"count":1,"href":"https:\/\/sweet-bonanza-game.com\/az\/wp-json\/wp\/v2\/pages\/414\/revisions"}],"predecessor-version":[{"id":415,"href":"https:\/\/sweet-bonanza-game.com\/az\/wp-json\/wp\/v2\/pages\/414\/revisions\/415"}],"wp:attachment":[{"href":"https:\/\/sweet-bonanza-game.com\/az\/wp-json\/wp\/v2\/media?parent=414"}],"curies":[{"name":"wp","href":"https:\/\/api.w.org\/{rel}","templated":true}]}}