{"id":341,"date":"2022-07-23T16:36:55","date_gmt":"2022-07-23T16:36:55","guid":{"rendered":"https:\/\/sweet-bonanza-game.com\/?page_id=341"},"modified":"2022-07-25T05:09:20","modified_gmt":"2022-07-25T05:09:20","slug":"download","status":"publish","type":"page","link":"https:\/\/sweet-bonanza-game.com\/az\/download\/","title":{"rendered":"Y\u00fckl\u0259 Sweet Bonanza"},"content":{"rendered":"\n<p>M\u0259\u015fhur, klassik \u015eirin Bonanza yuvas\u0131 art\u0131q mobil t\u0259tbiqd\u0259 d\u0259 m\u00f6vcuddur. Oyun\u00e7ular saniy\u0259 h\u0259r hans\u0131 bir Android cihaz pragmatic play proqram qura\u015fd\u0131ra bil\u0259rsiniz. OC Android-in d\u0259st\u0259kl\u0259y\u0259n versiyas\u0131 6.0 v\u0259 yuxar\u0131d\u0131r.&nbsp;<\/p>\n\n\n\n<div class=\"line h-33\">\n    <div class=\"toc\">\n        <button class=\"toc__btn\" data-toc=\"Hide\">Naviqasiya<\/button>\n        <ol class=\"toc__list\">\n            <li class=\"toc__item\">\n                <a href=\"#game\" class=\"toc__link\">Oyun Sweet Bonanza pragmatic play<\/a>\n            <\/li>\n            <li class=\"toc__item\">\n                <a href=\"#system\" class=\"toc__link\">Proqram\u0131n texniki x\u00fcsusiyy\u0259tl\u0259ri<\/a>\n            <\/li>\n            <li class=\"toc__item\">\n                <a href=\"#pros\" class=\"toc__link\">Proqram\u0131n x\u00fcsusiyy\u0259tl\u0259ri<\/a>\n            <\/li>\n            <li class=\"toc__item\">\n                <a href=\"#download\" class=\"toc__link\">Y\u00fckl\u0259m\u0259k \u00fc\u00e7\u00fcn nec\u0259 Sweet bonanza \u043d\u0430 Android?<\/a>\n                <ol class=\"toc__sub\">\n                    <li class=\"toc__item\">\n                        <a href=\"#trouble\" class=\"toc__link\">Telefon y\u00fckl\u0259n\u0259rk\u0259n probleml\u0259r<\/a>\n                    <\/li>\n                <\/ol>\n            <\/li>\n            <li class=\"toc__item\">\n                <a href=\"#upd\" class=\"toc__link\">Proqram\u0131 nec\u0259 yenil\u0259y\u0259 bil\u0259r\u0259m?<\/a>\n            <\/li>\n            <li class=\"toc__item\">\n                <a href=\"#all\" class=\"toc__link\">Slotlar\u0131n \u00e7e\u015fidi<\/a>\n            <\/li>\n        <\/ol>\n    <\/div>\n<\/div>\n\n\n<div class=\"wp-block-image\">\n<figure class=\"aligncenter\"><img decoding=\"async\" src=\"https:\/\/lh6.googleusercontent.com\/y8D379CFhfnlFmJVnN8R0zDrLDHD7sAP7WHa58GMl_EQT9jEFD5RJm5SxXTjer_V9Iod2O9fzSNqb6lLWxvNdf7hwpePsLOqZ6aLj2YdMvRK7AIoCNiP7zapP3U1GH6CGefWIb8CxCAC488LrzzX2w\" alt=\"\"\/><figcaption>Telefonunuzda \u015eirin Bonanza oynamaq nec\u0259?<\/figcaption><\/figure><\/div>\n\n\n<h2 class=\"section-title\" id=\"game\">Oyun Sweet Bonanza pragmatic play<\/h2>\n\n\n\n<p>Oyun hamar animasiya, oyun x\u0259tl\u0259rinin olmamas\u0131 v\u0259 r\u0259ngli dizayn\u0131 olan klassik slotla t\u0259msil olunur. H\u0259r yeni f\u0131rlanma il\u0259, oyun sah\u0259sind\u0259 parlaq, animasiya meyv\u0259 v\u0259 \u015firniyyat \u00fcz\u0259rind\u0259 t\u00f6k\u00fcl\u00fcr. Android telefon \u00fc\u00e7\u00fcn app indirerek, oyun\u00e7ular yaln\u0131z xo\u015f vaxt, h\u0259m d\u0259 real m\u0259nf\u0259\u0259t \u0259ld\u0259 etm\u0259k imkan\u0131 \u0259ld\u0259 edir. Oyunda minimum bahis limiti 0,20 sikk\u0259dir, maksimum 125 \u2013 dir.&nbsp;<\/p>\n\n\n\n<p>Oyunun demo versiyas\u0131 bir ne\u00e7\u0259 meyarlara g\u00f6r\u0259 Gambler aras\u0131nda m\u0259\u015fhurdur:<\/p>\n\n\n\n<ul class=\"list\"><li>telefonu y\u00fckl\u0259m\u0259k imkan\u0131;<\/li><li>Scatter simvollar\u0131n\u0131n v\u0259 dig\u0259r bonuslar\u0131n (bir-biri il\u0259 yekunla\u015fd\u0131r\u0131lan t\u0259sad\u00fcfi vuruqlarla \u015firniyyatlar, \u015firin bombalar, frispinl\u0259r)m\u00f6vcudlu\u011fu;<\/li><li>r\u0259ngar\u0259ng dizayn v\u0259 g\u00f6z\u0259l interfeys;<\/li><li>d\u00fcnyan\u0131n h\u0259r hans\u0131, h\u0259r hans\u0131 bir zamanda b\u00f6y\u00fck bahis etm\u0259k imkan\u0131;<\/li><li>sad\u0259, \u015f\u0259n musiqi m\u00fc\u015fayi\u0259ti.<\/li><\/ul>\n\n\n\n<h2 class=\"section-title\" id=\"system\">Proqram\u0131n texniki x\u00fcsusiyy\u0259tl\u0259ri<\/h2>\n\n\n\n<p>Y\u00fckl\u0259m\u0259k \u00fc\u00e7\u00fcn \u015firin Bonanza &#8216; n\u0131n son versiyas\u0131 2.1, 24.04.2022-dan yenil\u0259ndi. Hal-haz\u0131rda, proqram 50,000-d\u0259n \u00e7ox qur\u011fular, m\u00fcsb\u0259t bax\u0131r bir plethora, v\u0259 neytral \u0259sas yaz\u0131l\u0131 ki\u00e7ik bir m\u0259bl\u0259\u011f var. Qura\u015fd\u0131rma \u00fc\u00e7\u00fcn Apk fayl\u0131n\u0131 h\u0259m Google Play Market-d\u0259, h\u0259m d\u0259 qumar oyunlar\u0131 v\u0259 slotlar\u0131n geni\u015f \u00e7e\u015fidini t\u0259qdim ed\u0259n onlayn-kazinonun r\u0259smi saytlar\u0131nda tapa bil\u0259rsiniz.<\/p>\n\n\n\n<h2 class=\"section-title\" id=\"pros\">Proqram\u0131n x\u00fcsusiyy\u0259tl\u0259ri<\/h2>\n\n\n<div class=\"wp-block-image\">\n<figure class=\"aligncenter\"><img decoding=\"async\" src=\"https:\/\/lh6.googleusercontent.com\/mqGrmmMQ-6rqhJRRGAhxbRVy-zluiTNjPrepmaXZ1yJBDCiJHqoykijaLosFFJmNBjX2CFNXCO1q4XnuIlQXTcZwhapVZqANQP15AfItmBnI2vDdxGPhKGvMAsKUAuGZp4dtSOr_D2t1cs0VCSOCMg\" alt=\"\"\/><figcaption>Pragmatic Play mobil versiyas\u0131<\/figcaption><\/figure><\/div>\n\n\n<p>Proqram\u0131n \u0259sas \u00fcst\u00fcnl\u00fcy\u00fc X21 000-ni t\u0259\u015fkil ed\u0259n maksimum s\u00fcr\u0259t \u0259ld\u0259 etm\u0259k imkan\u0131d\u0131r ki, bu da oyun\u00e7u qazanma hal\u0131nda b\u00f6y\u00fck m\u0259nf\u0259\u0259ti pozma\u011fa k\u00f6m\u0259k ed\u0259c\u0259kdir. \u00dcst\u00fcnl\u00fckl\u0259ri, siz d\u0259 as\u0131l\u0131 olmayaraq Oyun\u00e7u yeri, h\u0259r hans\u0131 bir zamanda oyun imkan\u0131 qeyd ed\u0259 bil\u0259rsiniz. \u015eokolad fabrikinin frispinl\u0259rini \u0259ld\u0259 ed\u0259r\u0259k, oyun\u00e7u x100-\u0259 q\u0259d\u0259r \u00fcmumi \u00e7arpan g\u00f6st\u0259ricil\u0259ri il\u0259 simvollar\u0131 itirm\u0259 \u015fans\u0131 \u0259ld\u0259 edir.<\/p>\n\n\n\n<h2 class=\"section-title\" id=\"download\">Y\u00fckl\u0259m\u0259k \u00fc\u00e7\u00fcn nec\u0259 Sweet bonanza \u043d\u0430 Android?<\/h2>\n\n\n\n<p>Bonanza mobil proqram\u0131 OC Android il\u0259 h\u0259r hans\u0131 bir telefona, 6.0-dan proqram versiyas\u0131 il\u0259 y\u00fckl\u0259n\u0259 bil\u0259r. Slotun demo versiyas\u0131 il\u0259 proqram oyun v\u0259 onun qura\u015fd\u0131r\u0131lmas\u0131 il\u0259 ba\u011fl\u0131 h\u0259r hans\u0131 suallara cavab ver\u0259c\u0259k ixtisasl\u0131 \u0259m\u0259kda\u015flar\u0131 il\u0259 gec\u0259-g\u00fcnd\u00fcz yard\u0131m texniki d\u0259st\u0259k var. Google Play-d\u0259n Android-d\u0259 \u015firin Bonanza &#8216; y\u0131 y\u00fckl\u0259m\u0259k \u00fc\u00e7\u00fcn sad\u0259 t\u0259limatlar\u0131 izl\u0259yin:<\/p>\n\n\n\n<ul class=\"list\"><li>axtar\u0131\u015f bar Marketplace slot ad\u0131n\u0131 daxil edin;<\/li><li>slotlar\u0131n uy\u011fun variant\u0131na bas\u0131n;<\/li><li>apk fayl\u0131n\u0131 bas\u0131n, y\u00fckl\u0259m\u0259 avtomatik olaraq ba\u015flayacaq. Y\u00fckl\u0259m\u0259 ba\u015fa \u00e7atd\u0131qdan sonra, d\u0259rhal oynama\u011fa ba\u015flamaq ist\u0259yirsinizs\u0259, &#8220;A\u00e7&#8221; d\u00fcym\u0259sin\u0259 bas\u0131n.<\/li><\/ul>\n\n\n\n<h3 class=\"heading\" id=\"trouble\">Telefon y\u00fckl\u0259n\u0259rk\u0259n probleml\u0259r<\/h3>\n\n\n\n<p>Y\u00fckl\u0259m\u0259 zaman\u0131 2 s\u0259b\u0259bd\u0259n qura\u015fd\u0131rma problemi ola bil\u0259r. Birinci &#8211; Android versiyas\u0131 t\u0259l\u0259bl\u0259r\u0259 uy\u011fun deyil. H\u0259ll-online rejimind\u0259 ba\u015fqa bir telefon v\u0259 ya oyun qura\u015fd\u0131r\u0131lmas\u0131. \u0130kincisi, bilinm\u0259y\u0259n m\u0259nb\u0259l\u0259rd\u0259n qura\u015fd\u0131rma icaz\u0259sinin olmamas\u0131. Problemi aradan qald\u0131rmaq \u00fc\u00e7\u00fcn telefonunuzda &#8220;Ayarlar&#8221; a ke\u00e7in, sonra &#8220;proqramlar&#8221;, &#8220;bilinm\u0259y\u0259n m\u0259nb\u0259l\u0259rd\u0259n qura\u015fd\u0131rma&#8221;menyusunun qar\u015f\u0131s\u0131nda bir onay i\u015fareti qoyun.<\/p>\n\n\n\n<blockquote class=\"quote\">Oyun avtomatlar\u0131n\u0131 n\u00fcmayi\u015f etdirm\u0259k \u00fc\u00e7\u00fcn proqram \u015eirin Bonanza hamar oyun t\u0259\u015fviq ed\u0259n tam gec\u0259-g\u00fcnd\u00fcz d\u0259st\u0259yi var. Yuxar\u0131da g\u00f6st\u0259ril\u0259n oyunlar\u0131n h\u0259y\u0259can\u0131n\u0131 hiss etm\u0259k \u00fc\u00e7\u00fcn indi y\u00fckl\u0259yin.\n<\/blockquote>\n\n\n\n<h2 class=\"section-title\" id=\"upd\">Proqram\u0131 nec\u0259 yenil\u0259y\u0259 bil\u0259r\u0259m?<\/h2>\n\n\n\n<p>Telefon \u015eirin Bonanza indirdikten sonra, proqram avtomatik olaraq yenil\u0259nir, yeni versiyas\u0131 g\u00f6r\u00fcn\u00fcr zaman, sizin smartphone parametrl\u0259ri f\u0259al fonunda yenil\u0259m\u0259 \u0259g\u0259r. Bu se\u00e7im aktiv deyils\u0259, proqram \u00f6z\u00fc telefonda i\u015fl\u0259y\u0259rk\u0259n yenil\u0259m\u0259 t\u0259l\u0259bini g\u00f6nd\u0259r\u0259c\u0259kdir. Yeni versiyalarda \u0259vv\u0259lki s\u0259hvl\u0259ri d\u00fcz\u0259ltm\u0259k v\u0259 yeni oyun variantlar\u0131 \u0259lav\u0259 ed\u0259 bil\u0259c\u0259yi \u00fc\u00e7\u00fcn t\u0259tbiqin vaxt\u0131nda yenil\u0259nm\u0259si t\u00f6vsiy\u0259 olunur.<\/p>\n\n\n\n<h2 class=\"section-title\" id=\"all\">Slotlar\u0131n \u00e7e\u015fidi<\/h2>\n\n\n<div class=\"wp-block-image\">\n<figure class=\"aligncenter\"><img decoding=\"async\" src=\"https:\/\/lh3.googleusercontent.com\/g6qJ-D3OxRHfUSOh4Vdnf0xjy2mjZm8SoGQSSxpYZoT06nB7fMj1ze_KH0Hr2kyErSzf94nUGmq98kCDu93Kh0X1W5MHHccPO6NGXWb1V8En6GeFBhZ42yhoWOnImicJDvg7x0jta8FOA0o6YQeFag\" alt=\"\"\/><figcaption>\u015eirin Bonanza APK fayl<\/figcaption><\/figure><\/div>\n\n\n<p>Telefon \u015eirin Bonanza app indirerek, Oyun\u00e7u pragmatic play bir ne\u00e7\u0259 slots bir d\u0259f\u0259 oynamaq imkan\u0131 \u0259ld\u0259 edir. Qura\u015fd\u0131r\u0131lm\u0131\u015f proqram a\u015fa\u011f\u0131dak\u0131 ma\u015f\u0131nlara malikdir:<\/p>\n\n\n\n<ol class=\"num-list\"><li>Sweet Bonanza \u2013 \u015firniyyat v\u0259 meyv\u0259 il\u0259 \u015eokolad Fabriki, maksimum s\u00fcr\u0259t X21 100. H\u0259m\u00e7inin yenil\u0259nmi\u015f, q\u0131\u015f versiyas\u0131 var \u2013 Bonanza Xmas.<\/li><li>Pyramid \u2013 oyun\u00e7unun \u0259sas v\u0259zif\u0259si fironlar\u0131n piramidalar\u0131n\u0131n sirl\u0259rini h\u0259ll ed\u0259n q\u0259dim Misirin xo\u015f bir atmosferi. Frispinl\u0259ri istifad\u0259 ed\u0259r\u0259k f\u0131rland\u0131qda, oyun\u00e7ular X10 \u00e7arpan \u0259ld\u0259 ed\u0259 bil\u0259rl\u0259r.<\/li><li>Aztec \u2013 slotda 7 776 oyun x\u0259tti t\u0259qdim edilmi\u015fdir, bunun say\u0259sind\u0259 udu\u015fun \u015fans\u0131 \u0259h\u0259miyy\u0259tli d\u0259r\u0259c\u0259d\u0259 art\u0131r. S\u00fcr\u0259tl\u0259rin maksimum h\u0259ddi x194 440-\u0259 q\u0259d\u0259rdir.<\/li><li>Big Bass \u2013 real bal\u0131q\u00e7\u0131l\u0131q h\u0259v\u0259skarlar\u0131 \u00fc\u00e7\u00fcn slot. \u015e\u0259b\u0259k\u0259 qoymaq v\u0259 telefon proqram y\u00fckledikten sonra d\u0259rhal qazanmaq \u00fc\u00e7\u00fcn haz\u0131r olun. \u00dcmumi udu\u015f x\u0259tti &#8211; 10, z\u0259rb al\u0259tl\u0259ri \u2013 3&#215;5, s\u00fcr\u0259tl\u0259rin maksimal g\u00f6st\u0259ricisi \u2013 x2 100.<\/li><\/ol>\n\n\n\n<p>Bundan \u0259lav\u0259, eyni proqramda bir ne\u00e7\u0259 m\u0259\u015fhur yuva var: meyv\u0259 Partiyas\u0131, 5 q\u0131z\u0131l, x\u0259zin\u0259 heyvanlar\u0131, Olympus Gates v\u0259 bir \u00e7ox dig\u0259r pragmatic Play ma\u015f\u0131nlar\u0131.<\/p>\n","protected":false},"excerpt":{"rendered":"<p>M\u0259\u015fhur, klassik \u015eirin Bonanza yuvas\u0131 art\u0131q mobil t\u0259tbiqd\u0259 d\u0259 m\u00f6vcuddur. Oyun\u00e7ular saniy\u0259 h\u0259r hans\u0131 bir Android cihaz pragmatic play proqram qura\u015fd\u0131ra bil\u0259rsiniz. OC Android-in d\u0259st\u0259kl\u0259y\u0259n versiyas\u0131 6.0 v\u0259 yuxar\u0131d\u0131r.&nbsp; Naviqasiya Oyun Sweet Bonanza pragmatic play Proqram\u0131n texniki x\u00fcsusiyy\u0259tl\u0259ri Proqram\u0131n x\u00fcsusiyy\u0259tl\u0259ri Y\u00fckl\u0259m\u0259k \u00fc\u00e7\u00fcn nec\u0259 Sweet bonanza \u043d\u0430 Android? Telefon y\u00fckl\u0259n\u0259rk\u0259n probleml\u0259r Proqram\u0131 nec\u0259 yenil\u0259y\u0259 bil\u0259r\u0259m? Slotlar\u0131n [&hellip;]<\/p>\n","protected":false},"author":1,"featured_media":0,"parent":0,"menu_order":0,"comment_status":"closed","ping_status":"closed","template":"","meta":{"footnotes":""},"class_list":["post-341","page","type-page","status-publish","hentry"],"yoast_head":"<!-- This site is optimized with the Yoast SEO plugin v19.10 - https:\/\/yoast.com\/wordpress\/plugins\/seo\/ -->\n<title>Sweet Bonanza &#039; y\u0131 y\u00fckl\u0259yin-Androyd v\u0259 iPhone-da casino proqram\u0131<\/title>\n<meta name=\"description\" content=\"Androyd v\u0259 ya iPhone-da casino t\u0259tbiqini y\u00fckl\u0259yin. Mobil telefonunuzda v\u0259 tabletinizd\u0259 Sweet Bonanza oynay\u0131r. Casino qura\u015fd\u0131r\u0131lmas\u0131 \u00fc\u00e7\u00fcn bonus + FS.\" \/>\n<meta name=\"robots\" content=\"index, follow, max-snippet:-1, max-image-preview:large, max-video-preview:-1\" \/>\n<link rel=\"canonical\" href=\"https:\/\/sweet-bonanza-game.com\/az\/download\/\" \/>\n<meta property=\"og:locale\" content=\"az_AZ\" \/>\n<meta property=\"og:type\" content=\"article\" \/>\n<meta property=\"og:title\" content=\"Sweet Bonanza &#039; y\u0131 y\u00fckl\u0259yin-Androyd v\u0259 iPhone-da casino proqram\u0131\" \/>\n<meta property=\"og:description\" content=\"Androyd v\u0259 ya iPhone-da casino t\u0259tbiqini y\u00fckl\u0259yin. Mobil telefonunuzda v\u0259 tabletinizd\u0259 Sweet Bonanza oynay\u0131r. Casino qura\u015fd\u0131r\u0131lmas\u0131 \u00fc\u00e7\u00fcn bonus + FS.\" \/>\n<meta property=\"og:url\" content=\"https:\/\/sweet-bonanza-game.com\/az\/download\/\" \/>\n<meta property=\"og:site_name\" content=\"Sweet Bonanza\" \/>\n<meta property=\"article:modified_time\" content=\"2022-07-25T05:09:20+00:00\" \/>\n<meta property=\"og:image\" content=\"https:\/\/lh6.googleusercontent.com\/y8D379CFhfnlFmJVnN8R0zDrLDHD7sAP7WHa58GMl_EQT9jEFD5RJm5SxXTjer_V9Iod2O9fzSNqb6lLWxvNdf7hwpePsLOqZ6aLj2YdMvRK7AIoCNiP7zapP3U1GH6CGefWIb8CxCAC488LrzzX2w\" \/>\n<meta name=\"twitter:card\" content=\"summary_large_image\" \/>\n<meta name=\"twitter:label1\" content=\"Est. reading time\" \/>\n\t<meta name=\"twitter:data1\" content=\"5 minutes\" \/>\n<script type=\"application\/ld+json\" class=\"yoast-schema-graph\">{\"@context\":\"https:\/\/schema.org\",\"@graph\":[{\"@type\":\"WebPage\",\"@id\":\"https:\/\/sweet-bonanza-game.com\/az\/download\/\",\"url\":\"https:\/\/sweet-bonanza-game.com\/az\/download\/\",\"name\":\"Sweet Bonanza ' y\u0131 y\u00fckl\u0259yin-Androyd v\u0259 iPhone-da casino proqram\u0131\",\"isPartOf\":{\"@id\":\"https:\/\/sweet-bonanza-game.com\/#website\"},\"datePublished\":\"2022-07-23T16:36:55+00:00\",\"dateModified\":\"2022-07-25T05:09:20+00:00\",\"description\":\"Androyd v\u0259 ya iPhone-da casino t\u0259tbiqini y\u00fckl\u0259yin. Mobil telefonunuzda v\u0259 tabletinizd\u0259 Sweet Bonanza oynay\u0131r. Casino qura\u015fd\u0131r\u0131lmas\u0131 \u00fc\u00e7\u00fcn bonus + FS.\",\"breadcrumb\":{\"@id\":\"https:\/\/sweet-bonanza-game.com\/az\/download\/#breadcrumb\"},\"inLanguage\":\"az\",\"potentialAction\":[{\"@type\":\"ReadAction\",\"target\":[\"https:\/\/sweet-bonanza-game.com\/az\/download\/\"]}]},{\"@type\":\"BreadcrumbList\",\"@id\":\"https:\/\/sweet-bonanza-game.com\/az\/download\/#breadcrumb\",\"itemListElement\":[{\"@type\":\"ListItem\",\"position\":1,\"name\":\"Home\",\"item\":\"https:\/\/sweet-bonanza-game.com\/az\/\"},{\"@type\":\"ListItem\",\"position\":2,\"name\":\"Y\u00fckl\u0259 Sweet Bonanza\"}]},{\"@type\":\"WebSite\",\"@id\":\"https:\/\/sweet-bonanza-game.com\/#website\",\"url\":\"https:\/\/sweet-bonanza-game.com\/\",\"name\":\"Sweet Bonanza\",\"description\":\"\",\"potentialAction\":[{\"@type\":\"SearchAction\",\"target\":{\"@type\":\"EntryPoint\",\"urlTemplate\":\"https:\/\/sweet-bonanza-game.com\/?s={search_term_string}\"},\"query-input\":\"required name=search_term_string\"}],\"inLanguage\":\"az\"}]}<\/script>\n<!-- \/ Yoast SEO plugin. -->","yoast_head_json":{"title":"Sweet Bonanza ' y\u0131 y\u00fckl\u0259yin-Androyd v\u0259 iPhone-da casino proqram\u0131","description":"Androyd v\u0259 ya iPhone-da casino t\u0259tbiqini y\u00fckl\u0259yin. Mobil telefonunuzda v\u0259 tabletinizd\u0259 Sweet Bonanza oynay\u0131r. Casino qura\u015fd\u0131r\u0131lmas\u0131 \u00fc\u00e7\u00fcn bonus + FS.","robots":{"index":"index","follow":"follow","max-snippet":"max-snippet:-1","max-image-preview":"max-image-preview:large","max-video-preview":"max-video-preview:-1"},"canonical":"https:\/\/sweet-bonanza-game.com\/az\/download\/","og_locale":"az_AZ","og_type":"article","og_title":"Sweet Bonanza ' y\u0131 y\u00fckl\u0259yin-Androyd v\u0259 iPhone-da casino proqram\u0131","og_description":"Androyd v\u0259 ya iPhone-da casino t\u0259tbiqini y\u00fckl\u0259yin. Mobil telefonunuzda v\u0259 tabletinizd\u0259 Sweet Bonanza oynay\u0131r. Casino qura\u015fd\u0131r\u0131lmas\u0131 \u00fc\u00e7\u00fcn bonus + FS.","og_url":"https:\/\/sweet-bonanza-game.com\/az\/download\/","og_site_name":"Sweet Bonanza","article_modified_time":"2022-07-25T05:09:20+00:00","og_image":[{"url":"https:\/\/lh6.googleusercontent.com\/y8D379CFhfnlFmJVnN8R0zDrLDHD7sAP7WHa58GMl_EQT9jEFD5RJm5SxXTjer_V9Iod2O9fzSNqb6lLWxvNdf7hwpePsLOqZ6aLj2YdMvRK7AIoCNiP7zapP3U1GH6CGefWIb8CxCAC488LrzzX2w"}],"twitter_card":"summary_large_image","twitter_misc":{"Est. reading time":"5 minutes"},"schema":{"@context":"https:\/\/schema.org","@graph":[{"@type":"WebPage","@id":"https:\/\/sweet-bonanza-game.com\/az\/download\/","url":"https:\/\/sweet-bonanza-game.com\/az\/download\/","name":"Sweet Bonanza ' y\u0131 y\u00fckl\u0259yin-Androyd v\u0259 iPhone-da casino proqram\u0131","isPartOf":{"@id":"https:\/\/sweet-bonanza-game.com\/#website"},"datePublished":"2022-07-23T16:36:55+00:00","dateModified":"2022-07-25T05:09:20+00:00","description":"Androyd v\u0259 ya iPhone-da casino t\u0259tbiqini y\u00fckl\u0259yin. Mobil telefonunuzda v\u0259 tabletinizd\u0259 Sweet Bonanza oynay\u0131r. Casino qura\u015fd\u0131r\u0131lmas\u0131 \u00fc\u00e7\u00fcn bonus + FS.","breadcrumb":{"@id":"https:\/\/sweet-bonanza-game.com\/az\/download\/#breadcrumb"},"inLanguage":"az","potentialAction":[{"@type":"ReadAction","target":["https:\/\/sweet-bonanza-game.com\/az\/download\/"]}]},{"@type":"BreadcrumbList","@id":"https:\/\/sweet-bonanza-game.com\/az\/download\/#breadcrumb","itemListElement":[{"@type":"ListItem","position":1,"name":"Home","item":"https:\/\/sweet-bonanza-game.com\/az\/"},{"@type":"ListItem","position":2,"name":"Y\u00fckl\u0259 Sweet Bonanza"}]},{"@type":"WebSite","@id":"https:\/\/sweet-bonanza-game.com\/#website","url":"https:\/\/sweet-bonanza-game.com\/","name":"Sweet Bonanza","description":"","potentialAction":[{"@type":"SearchAction","target":{"@type":"EntryPoint","urlTemplate":"https:\/\/sweet-bonanza-game.com\/?s={search_term_string}"},"query-input":"required name=search_term_string"}],"inLanguage":"az"}]}},"_links":{"self":[{"href":"https:\/\/sweet-bonanza-game.com\/az\/wp-json\/wp\/v2\/pages\/341","targetHints":{"allow":["GET"]}}],"collection":[{"href":"https:\/\/sweet-bonanza-game.com\/az\/wp-json\/wp\/v2\/pages"}],"about":[{"href":"https:\/\/sweet-bonanza-game.com\/az\/wp-json\/wp\/v2\/types\/page"}],"author":[{"embeddable":true,"href":"https:\/\/sweet-bonanza-game.com\/az\/wp-json\/wp\/v2\/users\/1"}],"replies":[{"embeddable":true,"href":"https:\/\/sweet-bonanza-game.com\/az\/wp-json\/wp\/v2\/comments?post=341"}],"version-history":[{"count":2,"href":"https:\/\/sweet-bonanza-game.com\/az\/wp-json\/wp\/v2\/pages\/341\/revisions"}],"predecessor-version":[{"id":413,"href":"https:\/\/sweet-bonanza-game.com\/az\/wp-json\/wp\/v2\/pages\/341\/revisions\/413"}],"wp:attachment":[{"href":"https:\/\/sweet-bonanza-game.com\/az\/wp-json\/wp\/v2\/media?parent=341"}],"curies":[{"name":"wp","href":"https:\/\/api.w.org\/{rel}","templated":true}]}}