{"id":331,"date":"2022-07-23T15:52:11","date_gmt":"2022-07-23T15:52:11","guid":{"rendered":"https:\/\/sweet-bonanza-game.com\/?page_id=331"},"modified":"2022-07-25T05:06:38","modified_gmt":"2022-07-25T05:06:38","slug":"payments","status":"publish","type":"page","link":"https:\/\/sweet-bonanza-game.com\/az\/payments\/","title":{"rendered":"Hesab\u0131 doldurmaq v\u0259 pul \u00e7\u0259km\u0259k \u00fc\u00e7\u00fcn nec\u0259 Sweet Bonanza"},"content":{"rendered":"\n<p>M\u00fcasir onlayn Kazinolar oyun\u00e7ulara geni\u015f \u00e7e\u015fidd\u0259 oyun avtomatlar\u0131, rulet v\u0259 kart oyunlar\u0131 t\u0259klif edirl\u0259r. Real pul bahisl\u0259rini etm\u0259zd\u0259n \u0259vv\u0259l-real oyun\u00e7ular\u0131n n\u0259z\u0259rd\u0259n ke\u00e7irilm\u0259sini \u00f6yr\u0259nin, oyun m\u00fc\u0259ssis\u0259sinin reytinqin\u0259 diqq\u0259t yetirin. Slot \u015eirin bonanza qalib pul \u00e7\u0131xarmaq bir ne\u00e7\u0259 yolla m\u00fcmk\u00fcnd\u00fcr. \u00c7\u0131xar\u0131lman\u0131n m\u0259cburi \u015f\u0259rti-qeydiyyat, profilin doldurulmas\u0131 v\u0259 \u0259riz\u0259nin r\u0259smil\u0259\u015fdirilm\u0259si \u00fc\u00e7\u00fcn kifay\u0259t q\u0259d\u0259r m\u0259bl\u0259\u011fdir.<\/p>\n\n\n\n<div class=\"line h-33\">\n    <div class=\"toc\">\n        <button class=\"toc__btn\" data-toc=\"Hide\">Naviqasiya<\/button>\n        <ol class=\"toc__list\">\n            <li class=\"toc__item\">\n                <a href=\"#vyvod\" class=\"toc__link\">Sweet bonanza: pul \u00e7\u0259km\u0259k \u00fc\u00e7\u00fcn nec\u0259?<\/a>\n            <\/li>\n            <li class=\"toc__item\">\n                <a href=\"#sroki\" class=\"toc__link\">Q\u0259bul m\u00fcdd\u0259ti, limitl\u0259ri v\u0259 \u00e7\u0131xar\u0131lmas\u0131 \u00fcsullar\u0131<\/a>\n            <\/li>\n            <li class=\"toc__item\">\n                <a href=\"#platezh\" class=\"toc__link\">\u00d6d\u0259ni\u015f sisteml\u0259rinin n\u00f6vl\u0259ri<\/a>\n            <\/li>\n            <li class=\"toc__item\">\n                <a href=\"#popolnenie\" class=\"toc__link\">Hesab\u0131n doldurulmas\u0131 Sweet Bonanza<\/a>\n            <\/li>\n        <\/ol>\n    <\/div>\n<\/div>\n\n\n<div class=\"wp-block-image\">\n<figure class=\"aligncenter\"><img decoding=\"async\" src=\"https:\/\/lh3.googleusercontent.com\/LpKG6LJlws3_bNbfl9YFNdtbSvE39tnh1Aj144c3si7jLFIktY0UZoxb6rRKgwupG9N2krv7sOR55Yj0llc6ww-pJWvG3Ma3vvACB1zG6HOG38E0QI-852UmeE7a_CyO5OBhG4vqndO_XX40MRx_1Q\" alt=\"\"\/><figcaption>\u015eirin Bonanza slotunda udu\u015f<\/figcaption><\/figure><\/div>\n\n\n<h2 class=\"section-title\" id=\"vyvod\">Sweet bonanza: pul \u00e7\u0259km\u0259k \u00fc\u00e7\u00fcn nec\u0259?<\/h2>\n\n\n<div class=\"wp-block-image\">\n<figure class=\"aligncenter\"><img decoding=\"async\" src=\"https:\/\/lh5.googleusercontent.com\/fJxNS8ZY5HmUtCMvANG2UVxTTbbL9rCo3SDvma82L85391OQkL3ynT6fwPWXRMi-52aUu9HmlrzTPa803aIS9Pt6aJ9hrSjDjxCO_QPzvhSzKVLdVR-kghaxD9VsPWDX6hbIsTxFu2dZFgj23sppMg\" alt=\"\"\/><figcaption>Pin ap qeydiyyat formas\u0131<\/figcaption><\/figure><\/div>\n\n\n<p>Online casinosdan pul \u00e7\u0131xarmaq imkan\u0131na malik olmaq \u00fc\u00e7\u00fcn bir ne\u00e7\u0259 qaydaya riay\u0259t etm\u0259k laz\u0131md\u0131r:<\/p>\n\n\n\n<ol class=\"num-list\"><li>Oyun portal\u0131nda qeydiyyatdan ke\u00e7in.<\/li><li>Oyun\u00e7unun \u015f\u0259xsi profilind\u0259 (&#8220;X\u00fcsusiyy\u0259tl\u0259r&#8221;b\u00f6lm\u0259sind\u0259) b\u00fct\u00fcn m\u0259lumatlar\u0131 tamamil\u0259 doldurun. M\u0259lumatlar\u0131n d\u00fczg\u00fcnl\u00fcy\u00fcn\u0259 diqq\u0259t yetirin, onlar pasportda g\u00f6st\u0259ril\u0259n m\u0259lumatlara uy\u011fun g\u0259lm\u0259lidirl\u0259r.<\/li><li>Pasport taramalar\u0131n\u0131 yax\u015f\u0131 keyfiyy\u0259td\u0259 g\u00f6nd\u0259r\u0259r\u0259k yoxlama prosedurundan ke\u00e7in v\u0259 d\u0259st\u0259k xidm\u0259tind\u0259n m\u00fcsb\u0259t cavab g\u00f6zl\u0259yin.<\/li><li>\u00c7\u0131xar\u0131lma m\u0259bl\u0259\u011fi oyun\u00e7uya yaln\u0131z \u0259sas hesabdan k\u00f6\u00e7\u00fcr\u00fcl\u0259 bil\u0259r (bonus hesab\u0131ndak\u0131 v\u0259sait \u0259vv\u0259lc\u0259d\u0259n oynan\u0131lmal\u0131d\u0131r).<\/li><li>Saytda daxil olun, &#8220;\u015f\u0259xsi kabinet&#8221;b\u00f6lm\u0259sin\u0259 gedin.<\/li><li>&#8220;\u00d6d\u0259ni\u015fl\u0259r&#8221; b\u00f6lm\u0259sini ziyar\u0259t edin, m\u00fcvafiq pul k\u00f6\u00e7\u00fcrm\u0259sini se\u00e7in v\u0259 d\u0259qiq m\u0259bl\u0259\u011fi g\u00f6st\u0259rin.<\/li><li>G\u00f6st\u0259ril\u0259n m\u0259lumatlar\u0131 yenid\u0259n yoxlay\u0131n, n\u0259tic\u0259y\u0259 dair \u0259riz\u0259nin g\u00f6nd\u0259rilm\u0259sini t\u0259sdiq edin v\u0259 hesaba qeydiyyatdan ke\u00e7in.<\/li><\/ol>\n\n\n\n<h2 class=\"section-title\" id=\"sroki\">Q\u0259bul m\u00fcdd\u0259ti, limitl\u0259ri v\u0259 \u00e7\u0131xar\u0131lmas\u0131 \u00fcsullar\u0131<\/h2>\n\n\n\n<p>Oyun\u00e7unun rekvizitl\u0259ri \u00fc\u00e7\u00fcn v\u0259saitin k\u00f6\u00e7\u00fcr\u00fclm\u0259si m\u00fcdd\u0259ti se\u00e7ilmi\u015f \u00f6d\u0259ni\u015f sistemind\u0259n as\u0131l\u0131d\u0131r. Bir \u00e7ox oyun\u00e7ular ist\u0259yirl\u0259r \u00e7\u0131xarmaq pul d\u0259rhal sonra \u0259riz\u0259nin r\u0259smil\u0259\u015fdirilm\u0259si, amma bu, real deyil. \u00c7\u0131xar\u0131lmadan \u0259vv\u0259l, oyun\u00e7unun b\u00fct\u00fcn m\u0259lumatlar\u0131 v\u0259 rekvizitl\u0259ri f\u0131r\u0131ldaq\u00e7\u0131l\u0131q v\u0259 ya qumar qaydalar\u0131n\u0131n pozulmas\u0131 riskini minimuma endirm\u0259k \u00fc\u00e7\u00fcn T\u0259hl\u00fck\u0259sizlik Xidm\u0259ti t\u0259r\u0259find\u0259n yoxlan\u0131l\u0131r. Daha sonra yoxlamadan ke\u00e7mi\u015f \u0259riz\u0259l\u0259r n\u00f6vb\u0259 qaydas\u0131nda i\u015fl\u0259nir. Bundan \u0259lav\u0259, pulun hesaba k\u00f6\u00e7\u00fcr\u00fclm\u0259si m\u00fcdd\u0259ti Maliyy\u0259 \u015f\u00f6b\u0259sinin i\u015finin x\u00fcsusiyy\u0259tl\u0259rind\u0259n as\u0131l\u0131 ola bil\u0259r.<\/p>\n\n\n\n&lt;\/thead&gt;<table class=\"table\"><thead><tr><th>\u00d6d\u0259ni\u015f sisteminin n\u00f6v\u00fc<\/th><th>V\u0259saitl\u0259rin \u00e7\u0131xar\u0131lmas\u0131\/q\u0259bul m\u00fcdd\u0259ti<\/th><\/tr><\/thead><tbody><tr><td>Bank kartlar\u0131: D\u00fcnya, Mastercard, Visa<\/td><td>1-dan 5 i\u015f g\u00fcn\u00fcn\u0259 q\u0259d\u0259r&nbsp;<\/td><\/tr><tr><td>Elektron pul kis\u0259l\u0259ri: Vebmoney, qi, Yandex.Pul, Yumani, v\u0259 s.<\/td><td>15 d\u0259qiq\u0259d\u0259n 24 saata q\u0259d\u0259r<\/td><\/tr><tr><td>Kriptovalyutas\u0131: Bitcoin, Ethereum, Litecoin, v\u0259 s.<\/td><td>5 d\u0259qiq\u0259d\u0259n 1 saata q\u0259d\u0259r<\/td><\/tr><\/tbody><\/table>\n\n\n\n<p>\u015eirin bonanza fondlar\u0131n\u0131n doldurulmas\u0131 v\u0259 \u00e7\u0131xar\u0131lmas\u0131 \u00fc\u00e7\u00fcn m\u0259hdudiyy\u0259tl\u0259r kazinolardan as\u0131l\u0131d\u0131r. H\u0259r oyun t\u0259\u015fkilat \u00f6z qaydalar\u0131 m\u00fc\u0259yy\u0259n, bir-birind\u0259n f\u0259rqli ola bil\u0259r. M\u0259s\u0259l\u0259n, slot ma\u015f\u0131nlar\u0131 olan onlayn kazinoda bel\u0259 limitl\u0259r m\u00fc\u0259yy\u0259n edil\u0259 bil\u0259r:<\/p>\n\n\n\n<ul class=\"list\"><li>15 \u0259m\u0259liyyat \u00fc\u00e7\u00fcn 000 rubl;<\/li><li>G\u00fcnd\u0259 30 000;<\/li><li>h\u0259ft\u0259d\u0259 100.000-d\u0259n \u00e7ox olmayan\/ay.<\/li><\/ul>\n\n\n\n<p>\u015eirin bonanza oyun\u00e7ular\u0131 h\u0259r hans\u0131 bir qazan\u0131lm\u0131\u015f m\u0259bl\u0259\u011fi geri g\u00f6t\u00fcr\u0259 bil\u0259r, yaln\u0131z \u0259m\u0259liyyat\u0131n hans\u0131 m\u00fcdd\u0259td\u0259 ke\u00e7\u0259 bil\u0259c\u0259yi bar\u0259d\u0259 dan\u0131\u015f\u0131r\u0131q. M\u00fc\u0259yy\u0259n limit \u00fc\u00e7\u00fcn oyun balans art\u0131q zaman, maliyy\u0259 \u015f\u00f6b\u0259si m\u00fcmk\u00fcn \u00f6d\u0259ni\u015fl\u0259rin c\u0259dv\u0259li v\u0259 oyun\u00e7u raz\u0131la\u015fd\u0131r\u0131lmas\u0131 \u00fc\u00e7\u00fcn g\u00f6nd\u0259rir.&nbsp;<\/p>\n\n\n\n<h2 class=\"section-title\" id=\"platezh\">\u00d6d\u0259ni\u015f sisteml\u0259rinin n\u00f6vl\u0259ri<\/h2>\n\n\n\n<p>Oyun\u00e7ular \u00fc\u00e7\u00fcn \u015firin bonanza slotlar\u0131nda pul qazanma\u011f\u0131 t\u0259klif ed\u0259n onlayn Kazinolar hesab\u0131n art\u0131r\u0131lmas\u0131 v\u0259 v\u0259saitl\u0259rin \u00e7\u0131xar\u0131lmas\u0131 \u00fc\u00e7\u00fcn bir \u00e7ox \u00f6d\u0259ni\u015f sistemin\u0259 malikdir. \u00c7\u0131xar\u0131lmas\u0131 \u00fc\u00e7\u00fcn yaln\u0131z depozit depozit pul edilm\u0259si h\u0259yata ke\u00e7irilir olan \u00f6d\u0259ni\u015f sistemi istifad\u0259 ed\u0259 bil\u0259rsiniz. Baxaq \u0259n \u00fcmumi \u00fcsullar\u0131 \u00e7\u0131xar\u0131lmas\u0131 sweet bonanza.<\/p>\n\n\n\n<ol class=\"num-list\"><li>Bank kartlar\u0131-oyun\u00e7u \u00fc\u00e7\u00fcn v\u0259saitl\u0259rin \u00e7\u0131xar\u0131lmas\u0131 \u00fc\u00e7\u00fcn \u0259n uzun, lakin \u0259n etibarl\u0131 yoldur. oyun\u00e7unun hesab\u0131na casino il\u0259 \u0259m\u0259liyyat aparmadan \u0259vv\u0259l bir ne\u00e7\u0259 yoxlama apar\u0131l\u0131r ki, bu da praktiki olaraq f\u0131r\u0131ldaq\u00e7\u0131l\u0131q v\u0259 \u00fc\u00e7\u00fcnc\u00fc \u015f\u0259xsl\u0259rin v\u0259saitl\u0259rinin o\u011furlanmas\u0131 riskini istisna edir. Karta maksimum \u00e7\u0131x\u0131\u015f m\u00fcdd\u0259ti 5 i\u015f g\u00fcn\u00fcn\u0259 q\u0259d\u0259rdir.<\/li><li>Elektron c\u00fczdan \u2013 tez al\u0131nmas\u0131 \u00fc\u00e7\u00fcn qalib. Oyun\u00e7ular c\u00fczdanlardan istifad\u0259 ed\u0259 bil\u0259rl\u0259r: Vebmoney, Neteller, qi, Yu pul, Yandex.Pul. \u018friz\u0259l\u0259rin \u0259ks\u0259riyy\u0259ti 10-20 d\u0259qiq\u0259 \u0259rzind\u0259 i\u015fl\u0259nir. \u00d6d\u0259m\u0259 limitl\u0259ri c\u00fczdan\u0131n sertifikat\u0131ndan as\u0131l\u0131d\u0131r.<\/li><li>Kriptovalyutas\u0131-t\u0259hl\u00fck\u0259siz, anonim Transfer v\u0259saitl\u0259r. \u018flaq\u0259 m\u0259lumatlar\u0131n\u0131n g\u00f6st\u0259rilm\u0259si t\u0259l\u0259b olunmur. \u018fm\u0259liyyat\u0131n apar\u0131lmas\u0131 \u00fc\u00e7\u00fcn yaln\u0131z c\u00fczdan sahibinin \u0259ld\u0259 ed\u0259 bil\u0259c\u0259yi kod istifad\u0259 olunur.<\/li><\/ol>\n\n\n\n<h2 class=\"section-title\" id=\"popolnenie\">Hesab\u0131n doldurulmas\u0131 Sweet Bonanza<\/h2>\n\n\n<div class=\"wp-block-image\">\n<figure class=\"aligncenter\"><img decoding=\"async\" src=\"https:\/\/lh4.googleusercontent.com\/kpWnATj616okiJZKBsuam9j2BJUaU-fYYoqedwdmSwr1E2pceXhHPEgLUTsmnH03PW-_WuGKPaviJD7Ba-lB2oEAkdNQbfWcyQqL2G9RH7UZ7kXhksVZ0PA6s8gGp7-sF6XOVnhB8WjF2c2Wzoju4Q\" alt=\"\"\/><figcaption>Online Casino Pin Up kassa<\/figcaption><\/figure><\/div>\n\n\n<p>Bir casino depozit etm\u0259k v\u0259 \u015firin Bonanza slot oynamaq \u00fc\u00e7\u00fcn nec\u0259? \u2013 Cavab sad\u0259dir. Oyun\u00e7u kazinoda qeydiyyatdan ke\u00e7m\u0259li, \u015f\u0259xsiyy\u0259t identifikasiyas\u0131ndan ke\u00e7m\u0259li v\u0259 oyun platformas\u0131nda t\u0259klif olunan ist\u0259nil\u0259n \u00fcsulla (banklar\u0131n kartlar\u0131, \u015fifr\u0259li valyuta, elektron pul kis\u0259l\u0259ri) depozit\u0259 v\u0259sait yat\u0131rmal\u0131d\u0131r. Oyun depoziti \u00fc\u00e7\u00fcn v\u0259saitl\u0259rin q\u0259bul edilm\u0259sinin orta m\u00fcdd\u0259ti-10 d\u0259qiq\u0259d\u0259n \u00e7ox olmamal\u0131d\u0131r.<\/p>\n","protected":false},"excerpt":{"rendered":"<p>M\u00fcasir onlayn Kazinolar oyun\u00e7ulara geni\u015f \u00e7e\u015fidd\u0259 oyun avtomatlar\u0131, rulet v\u0259 kart oyunlar\u0131 t\u0259klif edirl\u0259r. Real pul bahisl\u0259rini etm\u0259zd\u0259n \u0259vv\u0259l-real oyun\u00e7ular\u0131n n\u0259z\u0259rd\u0259n ke\u00e7irilm\u0259sini \u00f6yr\u0259nin, oyun m\u00fc\u0259ssis\u0259sinin reytinqin\u0259 diqq\u0259t yetirin. Slot \u015eirin bonanza qalib pul \u00e7\u0131xarmaq bir ne\u00e7\u0259 yolla m\u00fcmk\u00fcnd\u00fcr. \u00c7\u0131xar\u0131lman\u0131n m\u0259cburi \u015f\u0259rti-qeydiyyat, profilin doldurulmas\u0131 v\u0259 \u0259riz\u0259nin r\u0259smil\u0259\u015fdirilm\u0259si \u00fc\u00e7\u00fcn kifay\u0259t q\u0259d\u0259r m\u0259bl\u0259\u011fdir. Naviqasiya Sweet bonanza: pul \u00e7\u0259km\u0259k [&hellip;]<\/p>\n","protected":false},"author":1,"featured_media":0,"parent":0,"menu_order":0,"comment_status":"closed","ping_status":"closed","template":"","meta":{"footnotes":""},"class_list":["post-331","page","type-page","status-publish","hentry"],"yoast_head":"<!-- This site is optimized with the Yoast SEO plugin v19.10 - https:\/\/yoast.com\/wordpress\/plugins\/seo\/ -->\n<title>Sweet Bonanza hesab\u0131 doldurmaq \u00fc\u00e7\u00fcn nec\u0259, online casino pul \u00e7\u0131xar\u0131lmas\u0131<\/title>\n<meta name=\"description\" content=\"Onlayn kazinoda hesab\u0131 doldurmaq \u00fc\u00e7\u00fcn b\u00fct\u00fcn \u00fcsullar. Depozit etm\u0259k v\u0259 Sweet Bonanza oynamaq nec\u0259. Nec\u0259 udu\u015fu \u00e7\u0131xara bil\u0259rsiniz. Art\u0131rma \u00fc\u00e7\u00fcn bonus.\" \/>\n<meta name=\"robots\" content=\"index, follow, max-snippet:-1, max-image-preview:large, max-video-preview:-1\" \/>\n<link rel=\"canonical\" href=\"https:\/\/sweet-bonanza-game.com\/az\/payments\/\" \/>\n<meta property=\"og:locale\" content=\"az_AZ\" \/>\n<meta property=\"og:type\" content=\"article\" \/>\n<meta property=\"og:title\" content=\"Sweet Bonanza hesab\u0131 doldurmaq \u00fc\u00e7\u00fcn nec\u0259, online casino pul \u00e7\u0131xar\u0131lmas\u0131\" \/>\n<meta property=\"og:description\" content=\"Onlayn kazinoda hesab\u0131 doldurmaq \u00fc\u00e7\u00fcn b\u00fct\u00fcn \u00fcsullar. Depozit etm\u0259k v\u0259 Sweet Bonanza oynamaq nec\u0259. Nec\u0259 udu\u015fu \u00e7\u0131xara bil\u0259rsiniz. Art\u0131rma \u00fc\u00e7\u00fcn bonus.\" \/>\n<meta property=\"og:url\" content=\"https:\/\/sweet-bonanza-game.com\/az\/payments\/\" \/>\n<meta property=\"og:site_name\" content=\"Sweet Bonanza\" \/>\n<meta property=\"article:modified_time\" content=\"2022-07-25T05:06:38+00:00\" \/>\n<meta property=\"og:image\" content=\"https:\/\/lh3.googleusercontent.com\/LpKG6LJlws3_bNbfl9YFNdtbSvE39tnh1Aj144c3si7jLFIktY0UZoxb6rRKgwupG9N2krv7sOR55Yj0llc6ww-pJWvG3Ma3vvACB1zG6HOG38E0QI-852UmeE7a_CyO5OBhG4vqndO_XX40MRx_1Q\" \/>\n<meta name=\"twitter:card\" content=\"summary_large_image\" \/>\n<meta name=\"twitter:label1\" content=\"Est. reading time\" \/>\n\t<meta name=\"twitter:data1\" content=\"4 minutes\" \/>\n<script type=\"application\/ld+json\" class=\"yoast-schema-graph\">{\"@context\":\"https:\/\/schema.org\",\"@graph\":[{\"@type\":\"WebPage\",\"@id\":\"https:\/\/sweet-bonanza-game.com\/az\/payments\/\",\"url\":\"https:\/\/sweet-bonanza-game.com\/az\/payments\/\",\"name\":\"Sweet Bonanza hesab\u0131 doldurmaq \u00fc\u00e7\u00fcn nec\u0259, online casino pul \u00e7\u0131xar\u0131lmas\u0131\",\"isPartOf\":{\"@id\":\"https:\/\/sweet-bonanza-game.com\/#website\"},\"datePublished\":\"2022-07-23T15:52:11+00:00\",\"dateModified\":\"2022-07-25T05:06:38+00:00\",\"description\":\"Onlayn kazinoda hesab\u0131 doldurmaq \u00fc\u00e7\u00fcn b\u00fct\u00fcn \u00fcsullar. Depozit etm\u0259k v\u0259 Sweet Bonanza oynamaq nec\u0259. Nec\u0259 udu\u015fu \u00e7\u0131xara bil\u0259rsiniz. Art\u0131rma \u00fc\u00e7\u00fcn bonus.\",\"breadcrumb\":{\"@id\":\"https:\/\/sweet-bonanza-game.com\/az\/payments\/#breadcrumb\"},\"inLanguage\":\"az\",\"potentialAction\":[{\"@type\":\"ReadAction\",\"target\":[\"https:\/\/sweet-bonanza-game.com\/az\/payments\/\"]}]},{\"@type\":\"BreadcrumbList\",\"@id\":\"https:\/\/sweet-bonanza-game.com\/az\/payments\/#breadcrumb\",\"itemListElement\":[{\"@type\":\"ListItem\",\"position\":1,\"name\":\"Home\",\"item\":\"https:\/\/sweet-bonanza-game.com\/az\/\"},{\"@type\":\"ListItem\",\"position\":2,\"name\":\"Hesab\u0131 doldurmaq v\u0259 pul \u00e7\u0259km\u0259k \u00fc\u00e7\u00fcn nec\u0259 Sweet Bonanza\"}]},{\"@type\":\"WebSite\",\"@id\":\"https:\/\/sweet-bonanza-game.com\/#website\",\"url\":\"https:\/\/sweet-bonanza-game.com\/\",\"name\":\"Sweet Bonanza\",\"description\":\"\",\"potentialAction\":[{\"@type\":\"SearchAction\",\"target\":{\"@type\":\"EntryPoint\",\"urlTemplate\":\"https:\/\/sweet-bonanza-game.com\/?s={search_term_string}\"},\"query-input\":\"required name=search_term_string\"}],\"inLanguage\":\"az\"}]}<\/script>\n<!-- \/ Yoast SEO plugin. -->","yoast_head_json":{"title":"Sweet Bonanza hesab\u0131 doldurmaq \u00fc\u00e7\u00fcn nec\u0259, online casino pul \u00e7\u0131xar\u0131lmas\u0131","description":"Onlayn kazinoda hesab\u0131 doldurmaq \u00fc\u00e7\u00fcn b\u00fct\u00fcn \u00fcsullar. Depozit etm\u0259k v\u0259 Sweet Bonanza oynamaq nec\u0259. Nec\u0259 udu\u015fu \u00e7\u0131xara bil\u0259rsiniz. Art\u0131rma \u00fc\u00e7\u00fcn bonus.","robots":{"index":"index","follow":"follow","max-snippet":"max-snippet:-1","max-image-preview":"max-image-preview:large","max-video-preview":"max-video-preview:-1"},"canonical":"https:\/\/sweet-bonanza-game.com\/az\/payments\/","og_locale":"az_AZ","og_type":"article","og_title":"Sweet Bonanza hesab\u0131 doldurmaq \u00fc\u00e7\u00fcn nec\u0259, online casino pul \u00e7\u0131xar\u0131lmas\u0131","og_description":"Onlayn kazinoda hesab\u0131 doldurmaq \u00fc\u00e7\u00fcn b\u00fct\u00fcn \u00fcsullar. Depozit etm\u0259k v\u0259 Sweet Bonanza oynamaq nec\u0259. Nec\u0259 udu\u015fu \u00e7\u0131xara bil\u0259rsiniz. Art\u0131rma \u00fc\u00e7\u00fcn bonus.","og_url":"https:\/\/sweet-bonanza-game.com\/az\/payments\/","og_site_name":"Sweet Bonanza","article_modified_time":"2022-07-25T05:06:38+00:00","og_image":[{"url":"https:\/\/lh3.googleusercontent.com\/LpKG6LJlws3_bNbfl9YFNdtbSvE39tnh1Aj144c3si7jLFIktY0UZoxb6rRKgwupG9N2krv7sOR55Yj0llc6ww-pJWvG3Ma3vvACB1zG6HOG38E0QI-852UmeE7a_CyO5OBhG4vqndO_XX40MRx_1Q"}],"twitter_card":"summary_large_image","twitter_misc":{"Est. reading time":"4 minutes"},"schema":{"@context":"https:\/\/schema.org","@graph":[{"@type":"WebPage","@id":"https:\/\/sweet-bonanza-game.com\/az\/payments\/","url":"https:\/\/sweet-bonanza-game.com\/az\/payments\/","name":"Sweet Bonanza hesab\u0131 doldurmaq \u00fc\u00e7\u00fcn nec\u0259, online casino pul \u00e7\u0131xar\u0131lmas\u0131","isPartOf":{"@id":"https:\/\/sweet-bonanza-game.com\/#website"},"datePublished":"2022-07-23T15:52:11+00:00","dateModified":"2022-07-25T05:06:38+00:00","description":"Onlayn kazinoda hesab\u0131 doldurmaq \u00fc\u00e7\u00fcn b\u00fct\u00fcn \u00fcsullar. Depozit etm\u0259k v\u0259 Sweet Bonanza oynamaq nec\u0259. Nec\u0259 udu\u015fu \u00e7\u0131xara bil\u0259rsiniz. Art\u0131rma \u00fc\u00e7\u00fcn bonus.","breadcrumb":{"@id":"https:\/\/sweet-bonanza-game.com\/az\/payments\/#breadcrumb"},"inLanguage":"az","potentialAction":[{"@type":"ReadAction","target":["https:\/\/sweet-bonanza-game.com\/az\/payments\/"]}]},{"@type":"BreadcrumbList","@id":"https:\/\/sweet-bonanza-game.com\/az\/payments\/#breadcrumb","itemListElement":[{"@type":"ListItem","position":1,"name":"Home","item":"https:\/\/sweet-bonanza-game.com\/az\/"},{"@type":"ListItem","position":2,"name":"Hesab\u0131 doldurmaq v\u0259 pul \u00e7\u0259km\u0259k \u00fc\u00e7\u00fcn nec\u0259 Sweet Bonanza"}]},{"@type":"WebSite","@id":"https:\/\/sweet-bonanza-game.com\/#website","url":"https:\/\/sweet-bonanza-game.com\/","name":"Sweet Bonanza","description":"","potentialAction":[{"@type":"SearchAction","target":{"@type":"EntryPoint","urlTemplate":"https:\/\/sweet-bonanza-game.com\/?s={search_term_string}"},"query-input":"required name=search_term_string"}],"inLanguage":"az"}]}},"_links":{"self":[{"href":"https:\/\/sweet-bonanza-game.com\/az\/wp-json\/wp\/v2\/pages\/331","targetHints":{"allow":["GET"]}}],"collection":[{"href":"https:\/\/sweet-bonanza-game.com\/az\/wp-json\/wp\/v2\/pages"}],"about":[{"href":"https:\/\/sweet-bonanza-game.com\/az\/wp-json\/wp\/v2\/types\/page"}],"author":[{"embeddable":true,"href":"https:\/\/sweet-bonanza-game.com\/az\/wp-json\/wp\/v2\/users\/1"}],"replies":[{"embeddable":true,"href":"https:\/\/sweet-bonanza-game.com\/az\/wp-json\/wp\/v2\/comments?post=331"}],"version-history":[{"count":2,"href":"https:\/\/sweet-bonanza-game.com\/az\/wp-json\/wp\/v2\/pages\/331\/revisions"}],"predecessor-version":[{"id":410,"href":"https:\/\/sweet-bonanza-game.com\/az\/wp-json\/wp\/v2\/pages\/331\/revisions\/410"}],"wp:attachment":[{"href":"https:\/\/sweet-bonanza-game.com\/az\/wp-json\/wp\/v2\/media?parent=331"}],"curies":[{"name":"wp","href":"https:\/\/api.w.org\/{rel}","templated":true}]}}