{"id":316,"date":"2022-07-23T14:54:08","date_gmt":"2022-07-23T14:54:08","guid":{"rendered":"https:\/\/sweet-bonanza-game.com\/?page_id=316"},"modified":"2022-07-25T05:04:42","modified_gmt":"2022-07-25T05:04:42","slug":"how-to-play","status":"publish","type":"page","link":"https:\/\/sweet-bonanza-game.com\/az\/how-to-play\/","title":{"rendered":"Sweet Bonanza: nec\u0259 qazanmaq?"},"content":{"rendered":"\n<p><a href=\"https:\/\/sweet-bonanza-game.com\/\">Sweet Bonanza<\/a> \u2014 Pragmatic Play-d\u0259n m\u0259\u015fhur, reklaml\u0131 icmallar v\u0259 casino avtomat\u0131d\u0131r. Bizim v\u0259zif\u0259miz onu nec\u0259 qazanaca\u011f\u0131m\u0131z\u0131 v\u0259 qazanma\u011f\u0131m\u0131z\u0131 nec\u0259 art\u0131raca\u011f\u0131m\u0131z\u0131 ba\u015fa d\u00fc\u015fm\u0259kdir. Bunun \u00fc\u00e7\u00fcn onun nec\u0259 i\u015fl\u0259diyini v\u0259 nec\u0259 quruldu\u011funu anlamaq laz\u0131md\u0131r. \u018fvv\u0259lc\u0259 \u0259saslar\u0131 t\u0259hlil ed\u0259c\u0259yik.<\/p>\n\n\n\n<div class=\"line h-33\">\n    <div class=\"toc\">\n        <button class=\"toc__btn\" data-toc=\"Hide\">Naviqasiya<\/button>\n        <ol class=\"toc__list\">\n            <li class=\"toc__item\">\n                <a href=\"#base\" class=\"toc__link\">\u018fsas simvollar v\u0259 mexanika<\/a>\n            <\/li>\n            <li class=\"toc__item\">\n                <a href=\"#bonus-game\" class=\"toc__link\">Bomba v\u0259 frispinl\u0259r Sweet Bonanza<\/a>\n            <\/li>\n            <li class=\"toc__item\">\n                <a href=\"#bet\" class=\"toc__link\">Bahis v\u0259 avtomatik oyun n\u0259zar\u0259t Sweet Bonanza<\/a>\n                <ol class=\"toc__sub\">\n                    <li class=\"toc__item\">\n                        <a href=\"#factors\" class=\"toc__link\">Qazanmalara t\u0259sir ed\u0259n amill\u0259r Sweet Bonanza<\/a>\n                    <\/li>\n                <\/ol>\n            <\/li>\n            <li class=\"toc__item\">\n                <a href=\"#strategy\" class=\"toc__link\">Qalib strategiya Sweet Bonanza<\/a>\n                <ol class=\"toc__sub\">\n                    <li class=\"toc__item\">\n                        <a href=\"#video\" class=\"toc__link\">Video bax\u0131n \u015eirin Bonanza qazanmaq \u00fc\u00e7\u00fcn nec\u0259: Tips v\u0259 taktiki<\/a>\n                    <\/li>\n                <\/ol>\n            <\/li>\n        <\/ol>\n    <\/div>\n<\/div>\n\n\n\n<h2 class=\"section-title\" id=\"base\">\u018fsas simvollar v\u0259 mexanika<\/h2>\n\n\n<div class=\"wp-block-image\">\n<figure class=\"aligncenter\"><img decoding=\"async\" src=\"https:\/\/lh5.googleusercontent.com\/DmR3E2LDU1maBi0kuhhrWukFmPfrzfoAeWbbEkesTqrjdxIrvnVe6h80tMGZcMEYQ9EHRK7XDNtnG61BonLIvddfG7nU7ULF6-f1bja5jYAFgLY-RiMasTrZbeGkOaLnyaei-1ZFGD7y1BYBbQ\" alt=\"https:\/\/lh6.googleusercontent.com\/7sKQjSiKvbTle-6lNnLMYXx8PUeCToMux5FBPMqu2ihs8RWToYHYJSucLQFp-PL6nbDv9bRolabazynhPJ8VQS0EH5KnJMQPjZsfavCMwVC-oBhovG-t89YEtFP7sjqw7PelMv5kQVrbuK6E3kw\"\/><figcaption>Oyun interface \u015eirin Bonanza<\/figcaption><\/figure><\/div>\n\n\n<p>Oyun\u00e7u pastel-\u00e7\u0259hray\u0131 interfeysi, oyunun yeri il\u0259 qar\u015f\u0131la\u015f\u0131r-\u015eirin s\u0259hra. Automaton 6-da 5 simvol bir sah\u0259dir, burada m\u00fcxt\u0259lif r\u0259q\u0259ml\u0259r yerl\u0259\u015fir v\u0259 qalib m\u0259bl\u0259\u011f onlardan as\u0131l\u0131d\u0131r. Slotun \u0259sas x\u00fcsusiyy\u0259ti-x\u0259tl\u0259rin yoxlu\u011fudur, udu\u015f yaln\u0131z burax\u0131l\u0131\u015f an\u0131ndan f\u0131rlanman\u0131n sonuna q\u0259d\u0259r ekranda eyni simvollar\u0131n say\u0131 il\u0259 m\u00fc\u0259yy\u0259n edilir.<\/p>\n\n\n\n<p>Oyun 10 \u0259sas simvol, el\u0259c\u0259 d\u0259 k\u00f6k mexanika t\u0259hlil sonra dan\u0131\u015fmaq laz\u0131md\u0131r nadir hallarda a\u00e7\u0131lan bomba-\u00e7arpan \u00fcmumi.<\/p>\n\n\n<div class=\"wp-block-image\">\n<figure class=\"aligncenter\"><img decoding=\"async\" src=\"https:\/\/lh6.googleusercontent.com\/CEvqDyJf2P7iTrcpWQX1S6FGoprI-t5yjqMfhXgWqB4chqr7dSkNywXjb__vPi4HoIANwCH__-fpwvHb3aICzlIcom7Ps8J9VmYuQVeQpaV39B-zdNVuPX-GJKsPfnO0iS7qWY0FEshyRRDtfw\" alt=\"https:\/\/lh3.googleusercontent.com\/zgf9FoqCrwL7xMtmQEKlN2IequsIx9lrpWXZ6d1pDzyyKrJUjrUdwYSiS5BJfTWPHQKE3zBWp9LxZ4dIKlTXuRUJokxwpJAheq7wrPVpno1kwdm29fcv3fd53IJMEFbnE9uVgnN0-lZF3PCIZA0\"\/><figcaption>\u015eirin Bonanza b\u00fct\u00fcn simvol<\/figcaption><\/figure><\/div>\n\n\n<p>Oyun yard\u0131m s\u0259hif\u0259si onlar\u0131 yax\u015f\u0131 t\u0259svir edir, lakin simvollar\u0131n b\u00f6y\u00fckl\u00fcy\u00fc \u00fc\u00e7\u00fcn \u0259trafl\u0131 m\u0259lumat vermir. Udu\u015f limiti ekranda m\u00fc\u0259yy\u0259n elementl\u0259rin say\u0131ndan as\u0131l\u0131d\u0131r, \u0259n d\u0259y\u0259rli simvol \u2014 bu meyv\u0259nin v\u0259 \u015firniyyatlar\u0131n enm\u0259si vaxt\u0131 bir ekranda 6 \u0259d\u0259d d\u00fc\u015f\u0259rs\u0259, x100-i ilkin d\u0259r\u0259c\u0259 il\u0259 ver\u0259n \u00e7ubuqda nabatd\u0131r (skatter). Oyun \u015firniyyat tam sifari\u015f:<\/p>\n\n\n\n<ol class=\"num-list\"><li>\u00c7ubuqda lolipop-o, Scatter-simvoldur.<\/li><li>Q\u0131rm\u0131z\u0131 \u00fcr\u0259k.<\/li><li>B\u0259n\u00f6v\u015f\u0259yi kvadrat konfet.<\/li><li>Ya\u015f\u0131l be\u015fgen.<\/li><li>Mavi d\u00fczbucaql\u0131.<\/li><li>Alma.<\/li><li>Gaval\u0131.<\/li><li>Qarp\u0131z.<\/li><li>\u00dcz\u00fcm.<\/li><li>Banan.<\/li><\/ol>\n\n\n\n<p>Sifari\u015fin sertifikatdak\u0131 \u0259msallarla tam olaraq bel\u0259 oldu\u011funu anlay\u0131n (yuxar\u0131dak\u0131 ekran g\u00f6r\u00fcnt\u00fcs\u00fcn\u0259 bax\u0131n). O m\u0259rcin \u00f6l\u00e7\u00fcl\u0259rin\u0259 uy\u011funla\u015f\u0131r, buna g\u00f6r\u0259 potensial udu\u015fu daha d\u0259qiq hesablamaq ist\u0259yirsinizs\u0259, tez-tez &#8220;aray\u0131\u015f&#8221; b\u00f6lm\u0259sin\u0259 baxma\u011fa d\u0259yir.<\/p>\n\n\n\n<p>\u015eanslar\u0131 \u0259h\u0259miyy\u0259tli d\u0259r\u0259c\u0259d\u0259 art\u0131ran \u00e7ox yax\u015f\u0131 bir amil var-qalib birl\u0259\u015fm\u0259d\u0259n sonra bu simvollar sah\u0259d\u0259n yox olur v\u0259 onlar\u0131n yerin\u0259 qalanlara toxunmadan yenil\u0259ri d\u00fc\u015f\u00fcr. V\u0259 bu oyun\u00e7u \u00fc\u00e7\u00fcn yeni, daha \u0259lveri\u015fli bir birl\u0259\u015fm\u0259 yarada bil\u0259r v\u0259 bir dair\u0259d\u0259 bir ne\u00e7\u0259 d\u0259f\u0259. N\u0259tic\u0259d\u0259, bir d\u00fcym\u0259nin bas\u0131lmas\u0131 \u00fc\u00e7\u00fcn bir ne\u00e7\u0259 u\u011furlu k\u00fcr\u0259kl\u0259r d\u00fc\u015f\u0259 bil\u0259r, hans\u0131lar\u0131n ki vurucular\u0131 bir-biri il\u0259 c\u0259ml\u0259n\u0259c\u0259k.<\/p>\n\n\n\n<h2 class=\"section-title\" id=\"bonus-game\">Bomba v\u0259 frispinl\u0259r Sweet Bonanza<\/h2>\n\n\n<div class=\"wp-block-image\">\n<figure class=\"aligncenter\"><img decoding=\"async\" src=\"https:\/\/lh6.googleusercontent.com\/x2jxyzIL_neX_sT8LvzgzIZt_znDhYNxBZ6IqMOkO59D7KJfS_EAvOWlsYwKL3ao1TePPvYRgfXA0uHUUlTjGnm954_GzMbuu3AvdWrie8q1YOodisSAe1V3XlBR4ThQ4XSyKXM1kg1KZxiA9Q\" alt=\"https:\/\/lh3.googleusercontent.com\/twSnnBhreSgI_L9EmfHgZa3xca29vE5UiLF1Fu7vkllPWE4K-84DbBqNjC6P-GMdDg-ijZCE1HxcHf3nWoyikXaY8yTe3tfnX3gEw-qXY_lVIvZtY1UF1rwz1aSGD83IgxEmY_9NcgLr9Q8tlZE\"\/><figcaption>\u015eirin Bonanza pul \u00fc\u00e7\u00fcn oyun prosesi<\/figcaption><\/figure><\/div>\n\n\n<p>\u015eirin Bonanza slotunda, m\u00f6vcud bahis m\u0259bl\u0259\u011find\u0259n x100 \u00fc\u00e7\u00fcn sat\u0131n ala bil\u0259c\u0259k pulsuz rotasiyalarla (frispinl\u0259r) bir oyun rejimi var. Bundan \u0259lav\u0259, oyun\u00e7u 4 Scatter simvolu v\u0259 ya daha \u00e7ox d\u00fc\u015f\u0259rs\u0259 \u0259ld\u0259 edil\u0259 bil\u0259r. Frispin-bonuslar yaln\u0131z ondur, onlar oyun prosesind\u0259 d\u00fc\u015f\u0259 bil\u0259rl\u0259r. Oyun\u00e7unun simvollar\u0131na n\u0259zar\u0259t yoxdur, ekranda kombinasiyalar\u0131n d\u00fc\u015fm\u0259sini izl\u0259m\u0259k v\u0259 u\u011furlar qazanmaq \u00fc\u00e7\u00fcn qal\u0131r.<\/p>\n\n\n\n<p>Pragmatic Play-d\u0259n olan developers \u015eirin Bonanza ma\u015f\u0131n\u0131nda bir ne\u00e7\u0259 s\u0259rf\u0259li variant \u0259lav\u0259 etdi:<\/p>\n\n\n\n<ul class=\"list\"><li>lolipoplar daha tez-tez d\u00fc\u015fm\u0259y\u0259 ba\u015flay\u0131r, \u0259lav\u0259 m\u0259nf\u0259\u0259t verir v\u0259 frispinl\u0259rin say\u0131n\u0131 art\u0131r\u0131r;<\/li><li>xanada X2-d\u0259n x100-\u0259 q\u0259d\u0259r t\u0259sad\u00fcfi \u00e7arpan bomba g\u00f6r\u00fcn\u00fcr ki, bu da oyun\u00e7unun qazanc\u0131n\u0131 art\u0131r\u0131r;<\/li><li>\u015eirin bomba bir ne\u00e7\u0259 ola bil\u0259r v\u0259 onlar qalib simvol yerin\u0259 d\u00fc\u015f\u0259 bil\u0259r.<\/li><\/ul>\n\n\n\n<p>Bombalar, Bonanza &#8216; da oyunun faydal\u0131l\u0131\u011f\u0131n\u0131 m\u00fc\u0259yy\u0259n ed\u0259n bir \u0259sas n\u00f6qt\u0259dir. Onsuz olmadan, y\u00fcks\u0259k qiym\u0259t\u0259 g\u00f6r\u0259 oynanman\u0131n m\u00fcmk\u00fcns\u00fczl\u00fcy\u00fc s\u0259b\u0259bind\u0259n bonuslar\u0131n al\u0131nmas\u0131 m\u0259nas\u0131z olard\u0131.<\/p>\n\n\n\n<p>M\u0259rci art\u0131raraq, ikiqat \u015fans rejimini aktivl\u0259\u015fdirm\u0259k olar. Unutmay\u0131n ki, bu oyun\u00e7uya frispin almaq h\u00fcququ vermir. Bu zaman oyun \u00fc\u00e7\u00fcn aray\u0131\u015fda g\u00f6st\u0259rilir ki, ikiqat \u015fans rejimind\u0259 Nabat daha \u00e7ox olur.<\/p>\n\n\n\n<h2 class=\"section-title\" id=\"bet\">Bahis v\u0259 avtomatik oyun n\u0259zar\u0259t Sweet Bonanza<\/h2>\n\n\n\n<p>Slotdak\u0131 interfeys dig\u0259r slot ma\u015f\u0131nlar\u0131na b\u0259nz\u0259yir, lakin b\u0259zi hallarda f\u0259rql\u0259nir, onlar haqq\u0131nda dan\u0131\u015faca\u011f\u0131q.&nbsp;<\/p>\n\n\n\n<p>Bahis m\u0259bl\u0259\u011fi menyu standart deyil. Gambler bahisinin \u00f6l\u00e7\u00fcs\u00fc 4 \u0259sas parametrl\u0259rind\u0259n as\u0131l\u0131d\u0131r: bet, coin value v\u0259 total bet, el\u0259c\u0259 d\u0259 d\u0259y\u0259ri birba\u015fa d\u00fcz\u0259ldil\u0259 bilm\u0259y\u0259n bahis \u00e7arx\u0131. \u015eirin vurucular\u0131n d\u0259y\u0259ri 20 v\u0259 ya 25-\u0259 b\u0259rab\u0259r olur, m\u0259rcin ikiqat se\u00e7ilm\u0259sind\u0259n as\u0131l\u0131 olaraq.<\/p>\n\n\n<div class=\"wp-block-image\">\n<figure class=\"aligncenter\"><img decoding=\"async\" src=\"https:\/\/lh5.googleusercontent.com\/UViw8zN5rvdOyTAwd41pGDiT6KavhpJpZOGO6rNl75GZvMLjvwDDuNUBb6lefc6zIXn8aHzcm8euxZF1BDK_zWODcOLR06hT6Fpsu8-uF-BVZRpJJoNd_uAY46becIofO7zHSFJrwe37XccO9Q\" alt=\"https:\/\/lh3.googleusercontent.com\/iKQ46x8sMMM36mWs7TOqpcT9MdBoxmpzetQTpqOk67HBDE9bCgOK0fsP5sMaMukEf1RTK7mm5otxAKNzeFXDK40G7ocguVkvo-vMg91eBjBYrr35U3HzRMdKlDmevLL18tc7q-jxQyW3wZvAqwE\"\/><figcaption>\u015eirin Bonanza slotunun parametrl\u0259ri<\/figcaption><\/figure><\/div>\n\n\n<p>As\u0131l\u0131l\u0131q formulu ilk bax\u0131\u015fda kifay\u0259t q\u0259d\u0259r qeyri-m\u00fc\u0259yy\u0259ndir, onun haqq\u0131nda bir az \u0259trafl\u0131 dan\u0131\u015faq:<\/p>\n\n\n\n<blockquote class=\"quote\">m\u0259rcin m\u0259bl\u0259\u011fi b\u0259rab\u0259rdir = bet*coin value*bet multiplier. Ekran il\u0259 n\u00fcmun\u0259: 9*0,5*20=90 dollar.<\/blockquote>\n\n\n\n<p>Avtomatik oyun \u00f6z yap\u0131land\u0131r\u0131labilir edir, oyun\u00e7u 10 1000 f\u0131rlanma bir g\u00f6st\u0259rici bil\u0259rsiniz. Oyun ke\u00e7id \u00fc\u00e7\u00fcn kayd\u0131r\u0131c\u0131y\u0131 yana\u015f\u0131, pop-up menyu s\u00fcr\u0259tl\u0259ndirilm\u0259si v\u0259 animasiyalar atlama funksiyalar\u0131 \u00fc\u00e7\u00fcn cavabdeh olan yaln\u0131z \u00fc\u00e7 \u00e7ekboxes ehtiva edir. Bu parametr\u0259 diqq\u0259t yetirin, \u00e7\u00fcnki dayanacaqlar\u0131n b\u00f6y\u00fck udu\u015fu n\u0259z\u0259rd\u0259 tutulmay\u0131b-\u0259g\u0259r avtomatik rejimd\u0259 f\u0131rlanman\u0131 vaxt\u0131nda dayand\u0131rm\u0131rsa, avtomatik olaraq udu\u015fu tam f\u0131rlada bil\u0259r.<\/p>\n\n\n\n<h3 class=\"heading\" id=\"factors\">Qazanmalara t\u0259sir ed\u0259n amill\u0259r Sweet Bonanza<\/h3>\n\n\n\n<p>Mexanik a\u00e7\u0131ld\u0131qdan sonra bir ne\u00e7\u0259 \u0259d\u0259d a\u00e7maq laz\u0131md\u0131r. \u018fsas odur ki, yerli RTP, Oyun\u00e7u qaytar\u0131lmas\u0131 faizi m\u0259nb\u0259yi as\u0131l\u0131 olaraq 96,4% &#8211; d\u0259n 96,8% aras\u0131nda d\u0259yi\u015fir. Pragmatic Play 96,51% &#8211; \u0259 q\u0259d\u0259r b\u0259yan edir.<\/p>\n\n\n\n<blockquote class=\"quote\">Slot y\u00fcks\u0259k d\u0259yi\u015fk\u0259nlik d\u0259r\u0259c\u0259si, da\u011f\u0131tmaq (dispersiya) oyun n\u0259tic\u0259l\u0259ri b\u00f6y\u00fck var \u2013 oyun\u00e7u b\u00f6y\u00fck jackpot hit v\u0259 tamamil\u0259 b\u00fct\u00fcn depozit oyun itirm\u0259k bil\u0259r, \u00e7\u00fcnki bu, eyni zamanda yax\u015f\u0131 v\u0259 pis. U\u011furlar g\u00fcl\u00fcms\u0259dirs\u0259-oyun\u00e7u yax\u015f\u0131 bir qara qalacaq.<\/blockquote>\n\n\n\n<p>M\u0259rcin minimal m\u0259bl\u0259\u011fi 20 Sent, maksimal m\u0259bl\u0259\u011fi is\u0259 125 dollar t\u0259\u015fkil edir. M\u0259bl\u0259\u011f n\u0259 q\u0259d\u0259r y\u00fcks\u0259ks\u0259, potensial qazanc limitl\u0259ri daha da b\u00f6y\u00fck olur. Bahis il\u0259 maksimum s\u00fcr\u0259t 21 000x-dir.<\/p>\n\n\n\n<h2 class=\"section-title\" id=\"strategy\">Qalib strategiya Sweet Bonanza<\/h2>\n\n\n\n<p>Slotun daxili i\u015f mexanizmi tamamil\u0259 ayd\u0131n olduqda, suala birba\u015fa cavab verm\u0259y\u0259 d\u0259y\u0259r: &#8220;nec\u0259 qazanmaq olar?&#8221;H\u0259r bir oyunun n\u0259tic\u0259si g\u00f6zl\u0259nilm\u0259z v\u0259 tamamil\u0259 GSC-d\u0259n as\u0131l\u0131 oldu\u011fundan, hans\u0131 strategiyan\u0131n \u0259n effektiv oldu\u011funu ba\u015fa d\u00fc\u015fm\u0259k v\u0259 onu test etm\u0259y\u0259 ba\u015flamaq laz\u0131md\u0131r (ideal olaraq \u2013 Demo versiyalar\u0131nda, depoziti doldurmadan). Riyazi g\u00f6zl\u0259m\u0259 m\u0259nfi olaraq qal\u0131r, \u00e7\u00fcnki yuvalar \u00e7ox savadl\u0131 \u015f\u0259kild\u0259 haz\u0131rlan\u0131r. Buna baxmayaraq, h\u0259r bir oyun\u00e7u qazanmaq \u015fans\u0131 olduqca reald\u0131r.<\/p>\n\n\n\n<h3 class=\"heading\" id=\"video\">Video bax\u0131n \u015eirin Bonanza qazanmaq \u00fc\u00e7\u00fcn nec\u0259: Tips v\u0259 taktiki<\/h3>\n\n\n\n<figure class=\"wp-block-embed aligncenter is-type-rich is-provider-embed-handler wp-block-embed-embed-handler wp-embed-aspect-16-9 wp-has-aspect-ratio\"><div class=\"wp-block-embed__wrapper\">\n<iframe loading=\"lazy\" title=\"\ud83c\udf6dHot to WIN BIG on SWEET BONANZA - Tips and Tricks!\ud83c\udf6d\" width=\"500\" height=\"281\" src=\"https:\/\/www.youtube.com\/embed\/QEauJqCQTqI?feature=oembed\" frameborder=\"0\" allow=\"accelerometer; autoplay; clipboard-write; encrypted-media; gyroscope; picture-in-picture; web-share\" referrerpolicy=\"strict-origin-when-cross-origin\" allowfullscreen><\/iframe>\n<\/div><\/figure>\n\n\n\n<p>Ayd\u0131n q\u0259rarlardan biri balans \u015f\u0259rti x2 \u2014 \u0259 \u00e7\u0131xana q\u0259d\u0259r qoymaqd\u0131r. \u00c7\u00fcnki bu c\u00fcr davran\u0131\u015f, dem\u0259k olar ki, 100% hallarda depozitin s\u0131f\u0131r balans\u0131na g\u0259tirib \u00e7\u0131xaracaq.<\/p>\n\n\n\n<p>\u015eirin Bonanza-da oyun\u00e7unun v\u0259zif\u0259si 4 v\u0259 daha \u00e7ox lolipopun d\u00fc\u015fm\u0259si \u015fans\u0131n\u0131 art\u0131rmaqd\u0131r, \u00e7\u00fcnki bu frispinl\u0259r, \u015eirin bomba v\u0259 \u00e7arpanlar\u0131n g\u00f6r\u00fcn\u00fc\u015f\u00fcn\u00fc t\u0259min edir. Strategiyan\u0131n a\u015fa\u011f\u0131dak\u0131 \u0259sas qaydalar\u0131n\u0131 t\u0259yin ed\u0259k:<\/p>\n\n\n\n<ol class=\"num-list\"><li>Balans\u0131n real doldurulmas\u0131ndan \u0259vv\u0259l-demo rejimind\u0259 se\u00e7ilmi\u015f strategiyalar\u0131 test edin \u2013 <\/li><li>Vaxt\u0131nda dayanma\u011f\u0131 bacarmaq, &#8220;a\u011f zolaq&#8221; yaranarsa, b\u00f6y\u00fck m\u0259bl\u0259\u011f v\u0259 ya b\u00fct\u00fcn balans\u0131 ataraq, h\u0259r\u0259k\u0259t\u0259 ke\u00e7m\u0259m\u0259k v\u0259 acg\u00f6zl\u00fck etm\u0259m\u0259k laz\u0131md\u0131r.<\/li><li>\u00c7arpan \u0259ld\u0259 etm\u0259k \u015fans\u0131n\u0131 art\u0131r\u0131n: ikiqat \u015fansdan istifad\u0259 edin v\u0259 ya frispinl\u0259r \u0259ld\u0259 edin.<\/li><li>M\u00fcmk\u00fcns\u0259, h\u0259m minimal m\u0259\u011flubiyy\u0259t, h\u0259m d\u0259 yax\u015f\u0131 udu\u015f \u015fanslar\u0131 qazanmaq \u00fc\u00e7\u00fcn m\u00fcxt\u0259lif m\u0259bl\u0259\u011fd\u0259 pul qoymaq.<\/li><\/ol>\n\n\n\n<p>Bu Sweet Bonanza oyun \u00fc\u00e7\u00fcn \u0259sas t\u00f6vsiy\u0259l\u0259r var. Slotlarda oyun\u00e7unun ba\u015f ver\u0259nl\u0259r\u0259 kifay\u0259t q\u0259d\u0259r ki\u00e7ik n\u0259zar\u0259t d\u0259r\u0259c\u0259si var, \u0259sas al\u0259t \u2013 bu d\u0259r\u0259c\u0259dir. Yadda saxlamaq vacibdir ki, strategiyalar\u0131n yerin\u0259 yetirilm\u0259si uzunm\u00fcdd\u0259tli perspektivd\u0259 pul qazanmaq \u00fc\u00e7\u00fcn bir yol deyil, \u00e7\u00fcnki qalibiyy\u0259t z\u0259man\u0259ti yoxdur. Depozitin iflas\u0131ndan qorunmaq \u00fc\u00e7\u00fcn Oyun avtomatlar\u0131 \u00fc\u00e7\u00fcn d\u0259 i\u015fl\u0259y\u0259n Martingale strategiyas\u0131n\u0131 (h\u0259r bir m\u0259\u011flubiyy\u0259td\u0259n sonra m\u0259bl\u0259\u011fi iki d\u0259f\u0259 art\u0131rmaqla) istifad\u0259 ed\u0259 bil\u0259rsiniz, lakin bu, qalib deyil, depoziti saxlama\u011fa k\u00f6m\u0259k edir.<\/p>\n","protected":false},"excerpt":{"rendered":"<p>Sweet Bonanza \u2014 Pragmatic Play-d\u0259n m\u0259\u015fhur, reklaml\u0131 icmallar v\u0259 casino avtomat\u0131d\u0131r. Bizim v\u0259zif\u0259miz onu nec\u0259 qazanaca\u011f\u0131m\u0131z\u0131 v\u0259 qazanma\u011f\u0131m\u0131z\u0131 nec\u0259 art\u0131raca\u011f\u0131m\u0131z\u0131 ba\u015fa d\u00fc\u015fm\u0259kdir. Bunun \u00fc\u00e7\u00fcn onun nec\u0259 i\u015fl\u0259diyini v\u0259 nec\u0259 quruldu\u011funu anlamaq laz\u0131md\u0131r. \u018fvv\u0259lc\u0259 \u0259saslar\u0131 t\u0259hlil ed\u0259c\u0259yik. Naviqasiya \u018fsas simvollar v\u0259 mexanika Bomba v\u0259 frispinl\u0259r Sweet Bonanza Bahis v\u0259 avtomatik oyun n\u0259zar\u0259t Sweet Bonanza Qazanmalara t\u0259sir [&hellip;]<\/p>\n","protected":false},"author":1,"featured_media":0,"parent":0,"menu_order":0,"comment_status":"closed","ping_status":"closed","template":"","meta":{"footnotes":""},"class_list":["post-316","page","type-page","status-publish","hentry"],"yoast_head":"<!-- This site is optimized with the Yoast SEO plugin v19.10 - https:\/\/yoast.com\/wordpress\/plugins\/seo\/ -->\n<title>Sweet Bonanza qazanmaq \u00fc\u00e7\u00fcn nec\u0259-strategiya v\u0259 oyun sirl\u0259ri, q\u0259l\u0259b\u0259 taktikas\u0131<\/title>\n<meta name=\"description\" content=\"Sweet Bonanza Slot qazanmaq \u00fc\u00e7\u00fcn nec\u0259. N\u0259 gizli birl\u0259\u015fm\u0259si tutmaq laz\u0131md\u0131r. Hans\u0131 simvollara diqq\u0259t yetirm\u0259k laz\u0131md\u0131r? Qazanmaq \u00fc\u00e7\u00fcn strategiya oyun.\" \/>\n<meta name=\"robots\" content=\"index, follow, max-snippet:-1, max-image-preview:large, max-video-preview:-1\" \/>\n<link rel=\"canonical\" href=\"https:\/\/sweet-bonanza-game.com\/az\/how-to-play\/\" \/>\n<meta property=\"og:locale\" content=\"az_AZ\" \/>\n<meta property=\"og:type\" content=\"article\" \/>\n<meta property=\"og:title\" content=\"Sweet Bonanza qazanmaq \u00fc\u00e7\u00fcn nec\u0259-strategiya v\u0259 oyun sirl\u0259ri, q\u0259l\u0259b\u0259 taktikas\u0131\" \/>\n<meta property=\"og:description\" content=\"Sweet Bonanza Slot qazanmaq \u00fc\u00e7\u00fcn nec\u0259. N\u0259 gizli birl\u0259\u015fm\u0259si tutmaq laz\u0131md\u0131r. Hans\u0131 simvollara diqq\u0259t yetirm\u0259k laz\u0131md\u0131r? Qazanmaq \u00fc\u00e7\u00fcn strategiya oyun.\" \/>\n<meta property=\"og:url\" content=\"https:\/\/sweet-bonanza-game.com\/az\/how-to-play\/\" \/>\n<meta property=\"og:site_name\" content=\"Sweet Bonanza\" \/>\n<meta property=\"article:modified_time\" content=\"2022-07-25T05:04:42+00:00\" \/>\n<meta property=\"og:image\" content=\"https:\/\/lh5.googleusercontent.com\/DmR3E2LDU1maBi0kuhhrWukFmPfrzfoAeWbbEkesTqrjdxIrvnVe6h80tMGZcMEYQ9EHRK7XDNtnG61BonLIvddfG7nU7ULF6-f1bja5jYAFgLY-RiMasTrZbeGkOaLnyaei-1ZFGD7y1BYBbQ\" \/>\n<meta name=\"twitter:card\" content=\"summary_large_image\" \/>\n<meta name=\"twitter:label1\" content=\"Est. reading time\" \/>\n\t<meta name=\"twitter:data1\" content=\"7 minutes\" \/>\n<script type=\"application\/ld+json\" class=\"yoast-schema-graph\">{\"@context\":\"https:\/\/schema.org\",\"@graph\":[{\"@type\":\"WebPage\",\"@id\":\"https:\/\/sweet-bonanza-game.com\/az\/how-to-play\/\",\"url\":\"https:\/\/sweet-bonanza-game.com\/az\/how-to-play\/\",\"name\":\"Sweet Bonanza qazanmaq \u00fc\u00e7\u00fcn nec\u0259-strategiya v\u0259 oyun sirl\u0259ri, q\u0259l\u0259b\u0259 taktikas\u0131\",\"isPartOf\":{\"@id\":\"https:\/\/sweet-bonanza-game.com\/#website\"},\"datePublished\":\"2022-07-23T14:54:08+00:00\",\"dateModified\":\"2022-07-25T05:04:42+00:00\",\"description\":\"Sweet Bonanza Slot qazanmaq \u00fc\u00e7\u00fcn nec\u0259. N\u0259 gizli birl\u0259\u015fm\u0259si tutmaq laz\u0131md\u0131r. Hans\u0131 simvollara diqq\u0259t yetirm\u0259k laz\u0131md\u0131r? Qazanmaq \u00fc\u00e7\u00fcn strategiya oyun.\",\"breadcrumb\":{\"@id\":\"https:\/\/sweet-bonanza-game.com\/az\/how-to-play\/#breadcrumb\"},\"inLanguage\":\"az\",\"potentialAction\":[{\"@type\":\"ReadAction\",\"target\":[\"https:\/\/sweet-bonanza-game.com\/az\/how-to-play\/\"]}]},{\"@type\":\"BreadcrumbList\",\"@id\":\"https:\/\/sweet-bonanza-game.com\/az\/how-to-play\/#breadcrumb\",\"itemListElement\":[{\"@type\":\"ListItem\",\"position\":1,\"name\":\"Home\",\"item\":\"https:\/\/sweet-bonanza-game.com\/az\/\"},{\"@type\":\"ListItem\",\"position\":2,\"name\":\"Sweet Bonanza: nec\u0259 qazanmaq?\"}]},{\"@type\":\"WebSite\",\"@id\":\"https:\/\/sweet-bonanza-game.com\/#website\",\"url\":\"https:\/\/sweet-bonanza-game.com\/\",\"name\":\"Sweet Bonanza\",\"description\":\"\",\"potentialAction\":[{\"@type\":\"SearchAction\",\"target\":{\"@type\":\"EntryPoint\",\"urlTemplate\":\"https:\/\/sweet-bonanza-game.com\/?s={search_term_string}\"},\"query-input\":\"required name=search_term_string\"}],\"inLanguage\":\"az\"}]}<\/script>\n<!-- \/ Yoast SEO plugin. -->","yoast_head_json":{"title":"Sweet Bonanza qazanmaq \u00fc\u00e7\u00fcn nec\u0259-strategiya v\u0259 oyun sirl\u0259ri, q\u0259l\u0259b\u0259 taktikas\u0131","description":"Sweet Bonanza Slot qazanmaq \u00fc\u00e7\u00fcn nec\u0259. N\u0259 gizli birl\u0259\u015fm\u0259si tutmaq laz\u0131md\u0131r. Hans\u0131 simvollara diqq\u0259t yetirm\u0259k laz\u0131md\u0131r? Qazanmaq \u00fc\u00e7\u00fcn strategiya oyun.","robots":{"index":"index","follow":"follow","max-snippet":"max-snippet:-1","max-image-preview":"max-image-preview:large","max-video-preview":"max-video-preview:-1"},"canonical":"https:\/\/sweet-bonanza-game.com\/az\/how-to-play\/","og_locale":"az_AZ","og_type":"article","og_title":"Sweet Bonanza qazanmaq \u00fc\u00e7\u00fcn nec\u0259-strategiya v\u0259 oyun sirl\u0259ri, q\u0259l\u0259b\u0259 taktikas\u0131","og_description":"Sweet Bonanza Slot qazanmaq \u00fc\u00e7\u00fcn nec\u0259. N\u0259 gizli birl\u0259\u015fm\u0259si tutmaq laz\u0131md\u0131r. Hans\u0131 simvollara diqq\u0259t yetirm\u0259k laz\u0131md\u0131r? Qazanmaq \u00fc\u00e7\u00fcn strategiya oyun.","og_url":"https:\/\/sweet-bonanza-game.com\/az\/how-to-play\/","og_site_name":"Sweet Bonanza","article_modified_time":"2022-07-25T05:04:42+00:00","og_image":[{"url":"https:\/\/lh5.googleusercontent.com\/DmR3E2LDU1maBi0kuhhrWukFmPfrzfoAeWbbEkesTqrjdxIrvnVe6h80tMGZcMEYQ9EHRK7XDNtnG61BonLIvddfG7nU7ULF6-f1bja5jYAFgLY-RiMasTrZbeGkOaLnyaei-1ZFGD7y1BYBbQ"}],"twitter_card":"summary_large_image","twitter_misc":{"Est. reading time":"7 minutes"},"schema":{"@context":"https:\/\/schema.org","@graph":[{"@type":"WebPage","@id":"https:\/\/sweet-bonanza-game.com\/az\/how-to-play\/","url":"https:\/\/sweet-bonanza-game.com\/az\/how-to-play\/","name":"Sweet Bonanza qazanmaq \u00fc\u00e7\u00fcn nec\u0259-strategiya v\u0259 oyun sirl\u0259ri, q\u0259l\u0259b\u0259 taktikas\u0131","isPartOf":{"@id":"https:\/\/sweet-bonanza-game.com\/#website"},"datePublished":"2022-07-23T14:54:08+00:00","dateModified":"2022-07-25T05:04:42+00:00","description":"Sweet Bonanza Slot qazanmaq \u00fc\u00e7\u00fcn nec\u0259. N\u0259 gizli birl\u0259\u015fm\u0259si tutmaq laz\u0131md\u0131r. Hans\u0131 simvollara diqq\u0259t yetirm\u0259k laz\u0131md\u0131r? Qazanmaq \u00fc\u00e7\u00fcn strategiya oyun.","breadcrumb":{"@id":"https:\/\/sweet-bonanza-game.com\/az\/how-to-play\/#breadcrumb"},"inLanguage":"az","potentialAction":[{"@type":"ReadAction","target":["https:\/\/sweet-bonanza-game.com\/az\/how-to-play\/"]}]},{"@type":"BreadcrumbList","@id":"https:\/\/sweet-bonanza-game.com\/az\/how-to-play\/#breadcrumb","itemListElement":[{"@type":"ListItem","position":1,"name":"Home","item":"https:\/\/sweet-bonanza-game.com\/az\/"},{"@type":"ListItem","position":2,"name":"Sweet Bonanza: nec\u0259 qazanmaq?"}]},{"@type":"WebSite","@id":"https:\/\/sweet-bonanza-game.com\/#website","url":"https:\/\/sweet-bonanza-game.com\/","name":"Sweet Bonanza","description":"","potentialAction":[{"@type":"SearchAction","target":{"@type":"EntryPoint","urlTemplate":"https:\/\/sweet-bonanza-game.com\/?s={search_term_string}"},"query-input":"required name=search_term_string"}],"inLanguage":"az"}]}},"_links":{"self":[{"href":"https:\/\/sweet-bonanza-game.com\/az\/wp-json\/wp\/v2\/pages\/316","targetHints":{"allow":["GET"]}}],"collection":[{"href":"https:\/\/sweet-bonanza-game.com\/az\/wp-json\/wp\/v2\/pages"}],"about":[{"href":"https:\/\/sweet-bonanza-game.com\/az\/wp-json\/wp\/v2\/types\/page"}],"author":[{"embeddable":true,"href":"https:\/\/sweet-bonanza-game.com\/az\/wp-json\/wp\/v2\/users\/1"}],"replies":[{"embeddable":true,"href":"https:\/\/sweet-bonanza-game.com\/az\/wp-json\/wp\/v2\/comments?post=316"}],"version-history":[{"count":3,"href":"https:\/\/sweet-bonanza-game.com\/az\/wp-json\/wp\/v2\/pages\/316\/revisions"}],"predecessor-version":[{"id":408,"href":"https:\/\/sweet-bonanza-game.com\/az\/wp-json\/wp\/v2\/pages\/316\/revisions\/408"}],"wp:attachment":[{"href":"https:\/\/sweet-bonanza-game.com\/az\/wp-json\/wp\/v2\/media?parent=316"}],"curies":[{"name":"wp","href":"https:\/\/api.w.org\/{rel}","templated":true}]}}