{"id":297,"date":"2022-07-23T13:10:46","date_gmt":"2022-07-23T13:10:46","guid":{"rendered":"https:\/\/sweet-bonanza-game.com\/?page_id=297"},"modified":"2022-07-25T04:53:24","modified_gmt":"2022-07-25T04:53:24","slug":"real-money","status":"publish","type":"page","link":"https:\/\/sweet-bonanza-game.com\/az\/real-money\/","title":{"rendered":"Sweet Bonanza pul play"},"content":{"rendered":"\n<p>Sweet Bonanza \u2014 2019-cu ild\u0259 ortaya \u00e7\u0131xan Pragmatic Play-d\u0259n m\u0259\u015fhur bir slot. Hal-haz\u0131rda dem\u0259k olar ki, h\u0259r hans\u0131 bir b\u00f6y\u00fck onlayn kazinoda tap\u0131la bil\u0259r. Slot ba\u015flatt\u0131\u011f\u0131n\u0131zda, oyun\u00e7ular \u00e7\u0259hray\u0131 tonlar\u0131 bir parlaq interface cavab, yer-desert \u015firniyyat. Oyun bir ne\u00e7\u0259 dild\u0259 m\u00f6vcuddur v\u0259 bir \u00e7ox valyutan\u0131 d\u0259st\u0259kl\u0259yir. Biz dollarla oyun avtomat\u0131n\u0131n rusdilli versiyas\u0131 haqq\u0131nda dan\u0131\u015facay\u0131q (valyuta default olaraq qura\u015fd\u0131r\u0131lm\u0131\u015fd\u0131r, qeydiyyatdan ke\u00e7\u0259rk\u0259n d\u0259yi\u015fdiril\u0259 bil\u0259r).<\/p>\n\n\n\n<div class=\"line h-33\">\n    <div class=\"toc\">\n        <button class=\"toc__btn\" data-toc=\"Hide\">Naviqasiya<\/button>\n        <ol class=\"toc__list\">\n            <li class=\"toc__item\">\n                <a href=\"#top\" class=\"toc__link\">Oyun \u00fc\u00e7\u00fcn top 4 casino Sweet Bonanza<\/a>\n            <\/li>\n            <li class=\"toc__item\">\n                <a href=\"#deposit\" class=\"toc__link\">Depozit etm\u0259k \u00fc\u00e7\u00fcn nec\u0259 Sweet Bonanza?<\/a>\n            <\/li>\n            <li class=\"toc__item\">\n                <a href=\"#review\" class=\"toc__link\">Oyun haqq\u0131nda Sweet Bonanza<\/a>\n            <\/li>\n            <li class=\"toc__item\">\n                <a href=\"#win\" class=\"toc__link\">Nec\u0259 udu\u015fu \u00e7\u0131xarmaq olar Sweet Bonanza?<\/a>\n            <\/li>\n            <li class=\"toc__item\">\n                <a href=\"#adv\" class=\"toc__link\">Oyun\u00e7ular\u0131n m\u0259sl\u0259h\u0259tl\u0259ri Sweet Bonanza<\/a>\n            <\/li>\n        <\/ol>\n    <\/div>\n<\/div>\n\n\n\n<blockquote class=\"quote\">Slotun \u0259sas x\u00fcsusiyy\u0259ti-g\u00f6r\u00fcn\u0259n x\u0259tl\u0259rin olmamas\u0131d\u0131r, hans\u0131lar ki, \u0259vv\u0259ll\u0259r b\u00fct\u00fcn standart avtomatlarda idil\u0259r. Udu\u015f yaln\u0131z ekranda eyni elementl\u0259rin say\u0131ndan as\u0131l\u0131d\u0131r. Yaln\u0131z \u0259sas oyunda 10 \u015eirin element var. H\u0259r bir meyv\u0259 v\u0259 ya \u015firinlik yeni d\u00f6nd\u00fcrm\u0259l\u0259rd\u0259 a\u00e7\u0131lan elementl\u0259rin say\u0131 il\u0259 ba\u011fl\u0131 udu\u015f \u0259msal\u0131na malikdir. Simvollara dair yard\u0131m oyun slotunun menyusunda yerl\u0259\u015fir.<\/blockquote>\n\n\n<div class=\"wp-block-image\">\n<figure class=\"aligncenter\"><img decoding=\"async\" src=\"https:\/\/lh6.googleusercontent.com\/VVjPEA1qLSaTu2t7mCrVO7GoSf7dW9uZQExi0sNud9tWXK5-LY7c_7zXdAqRe-CEfUVzZeGCTuLCApYPBF5HHbQpxHDm870hkIwKFyzLTTHG0KJ0IaqFDMQFNe3ghDx5a1cVAJnS3ZCLR07dNw\" alt=\"https:\/\/lh4.googleusercontent.com\/_tlZbfvbEscFOdfflV5kWF5xmVmWXs3hLqfdofqcZ7mIWq1aMVFhFsp7mdc8-IB80s8W_pHLex2YKjW45nExJ71ZLRCfUv21TKE0Ul_Q67_MEt_2FpWGdl2wL6y6JCGGFufNsR0Rq6zOmm1WuMDncL8\"\/><figcaption>Pul \u00fc\u00e7\u00fcn \u015firin Bonanza simvollar\u0131<\/figcaption><\/figure><\/div>\n\n\n<p>Sonuncu v\u0259 \u0259n qiym\u0259tli simvol \u2014\u00e7ubuqda konfet \u015f\u0259klind\u0259 t\u0259qdim edil\u0259n Scatter. D\u00f6rd v\u0259 ya daha \u00e7ox scatters a\u00e7\u0131lan zaman, oyun\u00e7u pulsuz rotations (frispins) olur. X2-d\u0259n x100-\u0259 q\u0259d\u0259r udu\u015flar\u0131 art\u0131ra bil\u0259c\u0259k \u015firin \u00e7arpma bombalar\u0131 g\u00f6r\u00fcnd\u00fckd\u0259 oyun daha s\u0259rf\u0259li olur. Oyun sah\u0259sind\u0259 bir ne\u00e7\u0259 bel\u0259 bomba ola bil\u0259r.<\/p>\n\n\n\n<p>Qalib birl\u0259\u015fm\u0259si oyun sah\u0259sind\u0259 \u00e7\u0131xar\u0131l\u0131r ma\u015f\u0131n qalib spin sonra, bo\u015f yer\u0259 Yeni \u015firniyyat v\u0259 meyv\u0259 d\u00fc\u015f\u00fcr. Bu zaman spin h\u0259l\u0259 d\u0259 aktivdir v\u0259 qalibiyy\u0259t hal\u0131nda qazananlar yekunla\u015fd\u0131r\u0131l\u0131r. Bir u\u011furlu d\u0259r\u0259c\u0259si bir f\u0131rlanma ba\u015f\u0131na bir ne\u00e7\u0259 d\u0259f\u0259 art\u0131r\u0131la bil\u0259r.<\/p>\n\n\n\n<h2 class=\"section-title\" id=\"top\">Oyun \u00fc\u00e7\u00fcn top 4 casino Sweet Bonanza<\/h2>\n\n\n\n<p>Sweet Bonanza bir \u00e7ox kazinolarda m\u00f6vcuddur. Onlar\u0131n aras\u0131nda h\u0259m etibarl\u0131 onlayn Kazinolar, h\u0259m d\u0259 pis reputasiya v\u0259 m\u0259nfi r\u0259yl\u0259rl\u0259 kifay\u0259t q\u0259d\u0259r \u015f\u00fcbh\u0259li olanlar var. Slotlarda oynamaq \u00fc\u00e7\u00fcn \u0259n s\u00fcbutlar\u0131 toplad\u0131q:<\/p>\n\n\n\n<ol class=\"num-list\"><li><a href=\"\/go\/pin-up\/\" target=\"_blank\" rel=\"noreferrer noopener nofollow\">\u00abPin-Up\u00bb<\/a> \u2013 D\u00fcnyan\u0131n bir \u00e7ox \u00f6lk\u0259l\u0259rind\u0259n oyun\u00e7ular\u0131 q\u0259bul ed\u0259n m\u0259\u015fhur casino. 2016-c\u0131 ild\u0259n i\u015fl\u0259yir, b\u00f6y\u00fck \u00e7\u0131x\u0131\u015f limitin\u0259, \u00f6d\u0259ni\u015f sisteml\u0259rinin geni\u015f \u00e7e\u015fidin\u0259 v\u0259 bu d\u0259st\u0259y\u0259 cavab verir. \u015eirin Bonanza il\u0259 yana\u015f\u0131, oyun portal\u0131n\u0131n geni\u015fliyind\u0259 Pragmatic Play-d\u0259n dig\u0259r oyunlar\u0131n b\u00f6y\u00fck bir kolleksiyas\u0131 var.<\/li><li><a href=\"\/go\/1win\/\">\u00ab1Win\u00bb<\/a> \u2014 \u00ab1 Win\u00bb \u2014 online casinolar v\u0259 h\u0259r z\u00f6vq\u0259 uy\u011fun bir \u00e7ox \u0259yl\u0259nc\u0259 il\u0259 ba\u015fqa bir m\u0259\u015fhur BC. \u00c7e\u015fidd\u0259 5 000-d\u0259n \u00e7ox yuva var. Oyun\u00e7ular aras\u0131nda \u0259n populyar avtomatlardan biri Bonanza. Saytda qeydiyyat bir ne\u00e7\u0259 saniy\u0259 \u00e7\u0259k\u0259c\u0259k.<\/li><li><a href=\"\/go\/\">\u00ab22Bet\u00bb<\/a> \u2014 kazinolarla iri bukmeker kontoru, b\u00fct\u00fcn \u00f6lk\u0259l\u0259rd\u0259 i\u015fl\u0259mir.<\/li><li><a href=\"\/go\/\">\u00abRox\u00bb \u0438 \u00abSol Casino\u00bb<\/a> \u2013 bir \u015firk\u0259t t\u0259r\u0259find\u0259n idar\u0259 iki m\u0259\u015fhur, eyni online casino Antillephone N. V. Curacao adas\u0131nda qeyd\u0259.&nbsp;<\/li><\/ol>\n\n\n        <div class=\"scroll-content\">\r\n            <div class=\"automata\">\r\n\r\n                                                            <a href=\"\/go\/pin-up\/\" target=\"_blank\" rel=\"nofollow\" class=\"automata__item\">\r\n                            <picture>\r\n                                <source srcset=\"https:\/\/sweet-bonanza-game.com\/wp-content\/uploads\/2022\/07\/pin-up-casino-1.jpg\"\r\n                                        data-srcset=\"https:\/\/sweet-bonanza-game.com\/wp-content\/uploads\/2022\/07\/pin-up-casino-1.jpg\"\r\n                                        type=\"image\/webp\">\r\n                                <img loading=\"lazy\" decoding=\"async\" class=\"image lazyload\"\r\n                                     src=\"https:\/\/sweet-bonanza-game.com\/wp-content\/themes\/sweetbonanza\/assets\/img\/lazyload.jpg\"\r\n                                     data-src=\"https:\/\/sweet-bonanza-game.com\/wp-content\/uploads\/2022\/07\/pin-up-casino-1.jpg\"\r\n                                     width=\"216\"\r\n                                     height=\"160\" alt=\"Pin-up Casino\"\/>\r\n                            <\/picture>\r\n                            <div class=\"automata__name\">Pin-up Casino<\/div>\r\n                        <\/a>\r\n                                                                <a href=\"\/go\/1win\/\" target=\"_blank\" rel=\"nofollow\" class=\"automata__item\">\r\n                            <picture>\r\n                                <source srcset=\"https:\/\/sweet-bonanza-game.com\/wp-content\/uploads\/2022\/07\/1win-logo-1.jpg\"\r\n                                        data-srcset=\"https:\/\/sweet-bonanza-game.com\/wp-content\/uploads\/2022\/07\/1win-logo-1.jpg\"\r\n                                        type=\"image\/webp\">\r\n                                <img loading=\"lazy\" decoding=\"async\" class=\"image lazyload\"\r\n                                     src=\"https:\/\/sweet-bonanza-game.com\/wp-content\/themes\/sweetbonanza\/assets\/img\/lazyload.jpg\"\r\n                                     data-src=\"https:\/\/sweet-bonanza-game.com\/wp-content\/uploads\/2022\/07\/1win-logo-1.jpg\"\r\n                                     width=\"216\"\r\n                                     height=\"160\" alt=\"1WIN Casino\"\/>\r\n                            <\/picture>\r\n                            <div class=\"automata__name\">1WIN Casino<\/div>\r\n                        <\/a>\r\n                                <\/div>\r\n        <\/div>\r\n        \n\n\n\n<p>Oyun\u00e7unun prioritet v\u0259zif\u0259l\u0259rind\u0259n biri yax\u015f\u0131 n\u00fcfuza v\u0259 \u0259dal\u0259tli \u015f\u0259rtl\u0259ri t\u0259klif ed\u0259n administrasiyaya malik Bonanza oyununun yoxlan\u0131lm\u0131\u015f BK-n\u0131n se\u00e7ilm\u0259sidir. Pragmatic Play sayt\u0131n\u0131n \u00f6z\u00fc oyun\u00e7ulara yaln\u0131z pulsuz demo oyun t\u0259klif edir.<\/p>\n\n\n\n<h2 class=\"section-title\" id=\"deposit\">Depozit etm\u0259k \u00fc\u00e7\u00fcn nec\u0259 Sweet Bonanza?<\/h2>\n\n\n\n<p>Casino m\u00fc\u0259yy\u0259n ed\u0259r\u0259k, ilk depozit oyun art\u0131rmaq \u00fc\u00e7\u00fcn getm\u0259k \u00fc\u00e7\u00fcn vaxt var. Bunu bir ne\u00e7\u0259 yolla etm\u0259k olar, elektron pul kis\u0259si, bank kart\u0131 v\u0259 ya \u00f6d\u0259ni\u015f sistemi. Saytlar\u0131n \u0259ks\u0259riyy\u0259tind\u0259 kripto-valyuta c\u00fczdanlar\u0131ndan v\u0259saitin k\u00f6\u00e7\u00fcr\u00fclm\u0259si n\u0259z\u0259rd\u0259 tutulur.<\/p>\n\n\n\n<p>\u015eirin Bonanza oyunu \u00fc\u00e7\u00fcn hesab\u0131 f\u0259rdi yoxlamadan sonra v\u0259 ya olmadan doldurmaq olar. \u0130kinci halda, oyun\u00e7u pul \u00e7\u0259km\u0259k ist\u0259diyi zaman yoxlamaya vaxt s\u0259rf etm\u0259lidir.<\/p>\n\n\n<div class=\"wp-block-image\">\n<figure class=\"aligncenter\"><img decoding=\"async\" src=\"https:\/\/lh3.googleusercontent.com\/ORJY1u9QfMtC3Vckftn60E45kDAvP5PuaIX9aUCNvlxMLAXVslyeRFqWp_b1Jip-tfhwWA_QK0Q9fPucJhgG-0v2h2YKjOQoJInv_YE6ixQ3PbNc18cvqjq2vDK-kRXUZIe-jQ1kUK1Vwg0VQw\" alt=\"https:\/\/lh6.googleusercontent.com\/44WUDGpTXAq63B8BIxkHyPNcY-7ye404E4yMfQ8zDe2tesf8w4GLjDPdh9kdBX6Ftkz84zNRbmPpqI-0hH83DIi96udAQgiISeZZyZc3Mh0-lUU9y-MgwNVSyLmn7qS3kXCmwIC2IXCCfZvaou427mQ\"\/><figcaption>Depozitin hans\u0131 yollar\u0131 Casinoda var<\/figcaption><\/figure><\/div>\n\n\n<p>Ba\u015flamaq \u00fc\u00e7\u00fcn, 1-2 000 rubl \u00fc\u00e7\u00fcn depozit oyununuzu m\u00fcst\u0259qil olaraq qiym\u0259tl\u0259ndirm\u0259k v\u0259 qazanmaq \u00fc\u00e7\u00fcn g\u00fcc\u00fcn\u00fcz\u00fc s\u0131namaq \u00fc\u00e7\u00fcn kifay\u0259t ed\u0259c\u0259k. \u015eirin Bonanza &#8216; n\u0131n rubl versiyas\u0131 20 sentd\u0259 minimum qiym\u0259t\u0259 malikdir. Bel\u0259 bir depozit il\u0259 \u00e7ox itirm\u0259k qeyri-reald\u0131r, lakin onunla yaln\u0131z bir az \u015fey qazana bil\u0259rsiniz. Rahat oyun \u00fc\u00e7\u00fcn valyuta \u00e7antas\u0131n\u0131 dollar ekvivalentin\u0259 d\u0259yi\u015fm\u0259k daha yax\u015f\u0131d\u0131r, d\u0259r\u0259c\u0259si daha y\u00fcks\u0259k olacaq-125 rubl \u0259v\u0259zin\u0259 125 dollar.<\/p>\n\n\n\n<blockquote class=\"quote\">\u0130lk depozit\u0259 g\u00f6r\u0259 bonusu m\u00fctl\u0259q g\u00f6t\u00fcr\u00fcn, \u0259ks\u0259r hallarda o s\u0259rf\u0259lidir: kazinonun bonus qaydalar\u0131 m\u0259hz oyun avtomatlar\u0131nda oynama\u011f\u0131 t\u0259\u015fviq edir.<\/blockquote>\n\n\n\n<h2 class=\"section-title\" id=\"review\">Oyun haqq\u0131nda Sweet Bonanza<\/h2>\n\n\n\n<p>\u015eirin Bonanza slotunda ist\u0259nil\u0259n m\u0259bl\u0259\u011fi d\u0259rhal t\u0259rc\u00fcm\u0259 ed\u0259n mini-valyuta \u00e7eviricisi n\u0259z\u0259rd\u0259 tutulmu\u015fdur. Rusiya 20 sikk\u0259l\u0259r, avtomatik olaraq se\u00e7ilmi\u015f valyuta as\u0131l\u0131 olaraq, \u0259ksin\u0259, 2 dollar v\u0259 ya rubl \u00e7evrilir.<\/p>\n\n\n\n<figure class=\"wp-block-image\"><img decoding=\"async\" src=\"https:\/\/lh6.googleusercontent.com\/nofuMDqVkdlnnAKIs6bhEMLoPpJ_sVaubH63yIw-wyLHikmiLheXJVUP6FXuLxZLJXaFwPra9Sv4jwdKCZFE39M3ru0OZ3ZYw6ZoHHm8OeVKFVocNoV550h4o1zpeRwZsWHtLDDNQGKtx4iKUw\" alt=\"https:\/\/lh3.googleusercontent.com\/Ns7Z6zlhb5GLkAQjnkmtdBRCzrW-3nGfKVwwc5Fb7YOu_2XTxLokNZpXUiGnHIkfRTGBmWmk1wo1nHZXP1-_PdDaRKvdT5gElv-8HR7oEuj0jDndBbY1BtkwvejBIapPDsEWDYEiM1EHU9UkxknzqTU\"\/><figcaption>\u015eirin Bonanza slotuna bax\u0131\u015f<\/figcaption><\/figure>\n\n\n\n<p>M\u0259rcin m\u0259bl\u0259\u011fi \u00fc\u00e7 parametrd\u0259n as\u0131l\u0131 olaraq d\u0259yi\u015fir: qoyulmu\u015f sikk\u0259l\u0259rin say\u0131, onlar\u0131n d\u0259y\u0259ri v\u0259 M\u0259rc vurulmas\u0131.<\/p>\n\n\n\n<blockquote class=\"quote\"><strong>Formula: M\u0259rc = coins*onlara d\u0259y\u0259r * s\u00fcr\u0259t. N\u00fcmun\u0259: 10*0,50*20=100$, (s\u00fcr\u0259t art\u0131r\u0131lmas\u0131 olmadan maksimum d\u0259y\u0259ri).<\/strong><\/blockquote>\n\n\n\n<p>\u00c7arpan art\u0131rmaq ikiqat \u015fans d\u00fcym\u0259sin\u0259 il\u0259 m\u00fcmk\u00fcnd\u00fcr. O, h\u0259m\u00e7inin frispinl\u0259rin al\u0131nmas\u0131 ehtimal\u0131n\u0131 art\u0131raraq, oyun sah\u0259sind\u0259ki skatterl\u0259rin d\u00fc\u015fm\u0259si \u00fc\u00e7\u00fcn daha \u00e7ox \u015fans ver\u0259c\u0259kdir.<\/p>\n\n\n\n<p>Avtoy\u00fcr\u00fc\u015f rejimi n\u0259z\u0259rd\u0259 tutulub, lakin onun x\u00fcsusiyy\u0259tl\u0259rini qeyd etm\u0259k laz\u0131md\u0131r: b\u00f6y\u00fck udu\u015fdan sonra dayanma funksiyas\u0131 yoxdur. Simvollar\u0131n d\u00fc\u015fm\u0259sini izl\u0259m\u0259k \u00fc\u00e7\u00fcn b\u00fct\u00fcn m\u0259suliyy\u0259t oyun\u00e7u \u00fcz\u0259rin\u0259 d\u00fc\u015f\u00fcr. Onun maraqlar\u0131na g\u00f6r\u0259 ki, avtomat bundan sonra udu\u015fu ke\u00e7m\u0259sin. Avtomat\u0131n t\u0259nziml\u0259nm\u0259si \u00fc\u00e7\u00fcn avtoma\u015f\u0131nlar\u0131n say\u0131n\u0131 t\u0259yin ed\u0259n kayd\u0131r\u0131c\u0131y\u0131 vard\u0131r. Qalan x\u00fcsusiyy\u0259tl\u0259r animasiya s\u00fcr\u0259tini t\u0259nziml\u0259m\u0259k \u00fc\u00e7\u00fcn n\u0259z\u0259rd\u0259 tutulmu\u015fdur.&nbsp;<\/p>\n\n\n\n<p>Bu y\u00fcks\u0259k g\u0259rginlikli oyun, potensial udu\u015flar\u0131n yay\u0131lmas\u0131 b\u00f6y\u00fckd\u00fcr. Buna g\u00f6r\u0259 d\u0259, h\u0259tta 1 d\u0259r\u0259c\u0259si bir ne\u00e7\u0259 y\u00fcz dollar ver\u0259 bil\u0259r.<\/p>\n\n\n\n<h2 class=\"section-title\" id=\"win\">Nec\u0259 udu\u015fu \u00e7\u0131xarmaq olar Sweet Bonanza?<\/h2>\n\n\n\n<p>B\u00f6y\u00fck bir m\u0259bl\u0259\u011f qazana bils\u0259niz, dayand\u0131rmaq v\u0259 n\u0259tic\u0259y\u0259 m\u00fcraci\u0259t etm\u0259k mantiqidir. B\u00fct\u00fcn kazinolarda m\u00fc\u0259yy\u0259n bir s\u0131ra qaydalar v\u0259 \u00e7\u0131x\u0131\u015f x\u00fcsusiyy\u0259tl\u0259ri var, tez-tez onlar\u0131n aras\u0131nda bir ne\u00e7\u0259 \u00fcmumi qaydalar var:<\/p>\n\n\n<div class=\"wp-block-image\">\n<figure class=\"aligncenter\"><img decoding=\"async\" src=\"https:\/\/lh4.googleusercontent.com\/QvCLEnu0jIqQE2Mm123VA6npaUVP-3293X0pbZs-P7SvqwdMVfJAluxQKht7qIU4NB5c1W4ShAXQxYkvJyTWeeoMGR5gapXppVu24xae2LgQkHmXZFMV5lmoGHFVfYKcwxKfHxTBp6aZhgzirw\" alt=\"\u041f\u0440\u0438\u043c\u0435\u0440 \u043f\u0440\u0430\u0432\u0438\u043b 1win\"\/><figcaption>Real pul \u00fc\u00e7\u00fcn oyun qaydalar\u0131<\/figcaption><\/figure><\/div>\n\n\n<ol class=\"num-list\"><li>M\u00fc\u015ft\u0259ri yoxlama olmamas\u0131.<\/li><li>M\u0259rcl\u0259rin \u00fcmumi m\u0259bl\u0259\u011fi (\u0259g\u0259r o, b\u00fct\u00fcn depozitl\u0259rd\u0259n azd\u0131rsa) \u00fc\u00e7\u00fcn 20% komissiya \u00f6d\u0259nil\u0259 bil\u0259r.<\/li><li>T\u0259l\u0259b yaln\u0131z \u00f6z \u00f6d\u0259ni\u015f v\u0259saitl\u0259rin\u0259 v\u0259 yaln\u0131z \u0259vv\u0259ll\u0259r depozitl\u0259rin edildiyi kartlar\/c\u00fczdanlar\/n\u00f6mr\u0259l\u0259r\u0259 \u00e7\u0131xar\u0131lmas\u0131 t\u0259l\u0259b olunur.<\/li><li>\u018friz\u0259nin \u0130\u015fl\u0259m\u0259 m\u00fcdd\u0259ti 10 d\u0259qiq\u0259d\u0259n 5 g\u00fcn\u0259 q\u0259d\u0259rdir, se\u00e7ilmi\u015f \u00fcsuldan as\u0131l\u0131 olaraq.&nbsp;<\/li><\/ol>\n\n\n\n<p>\u018ftrafl\u0131 \u00e7\u0131xar\u0131lmas\u0131 t\u0259l\u0259bl\u0259ri m\u0259qal\u0259d\u0259 t\u0259klif edilmi\u015fdir ki, yax\u015f\u0131 n\u00fcfuz il\u0259 s\u00fcbut casino bil\u0259r. Pulunuzu &#8220;kassa&#8221; b\u00f6lm\u0259sin\u0259 ke\u00e7\u0259r\u0259k, m\u00fcvafiq \u00f6d\u0259ni\u015f sistemini se\u00e7\u0259r\u0259k v\u0259 m\u0259bl\u0259\u011fi g\u00f6st\u0259rm\u0259kl\u0259 saytda avtorizasiyadan sonra \u00e7\u0131xara bil\u0259rsiniz.<\/p>\n\n\n\n<h2 class=\"section-title\" id=\"adv\">Oyun\u00e7ular\u0131n m\u0259sl\u0259h\u0259tl\u0259ri Sweet Bonanza<\/h2>\n\n\n\n<p>B\u00f6y\u00fck slots oynayan h\u0259y\u0259can daxil v\u0259 tez y\u00fcks\u0259k d\u0259r\u0259c\u0259l\u0259ri sizin \u0259man\u0259t qurutmaq \u00fc\u00e7\u00fcn asand\u0131r. Bir spin \u00fc\u00e7\u00fcn kazinoda 1\/10 depozit qoyma\u011f\u0131 m\u0259sl\u0259h\u0259t g\u00f6r\u00fcr\u00fck, v\u0259 oyun avtomatlar\u0131 \u00fc\u00e7\u00fcn m\u0259rcin optimal m\u0259bl\u0259\u011fi balans\u0131n \u00fcmumi m\u0259bl\u0259\u011find\u0259n 1\/20 olacaq.<\/p>\n\n\n\n<p>B\u00f6y\u00fck m\u0259bl\u0259\u011fl\u0259r arxas\u0131nda b\u00fct\u00fcn Bank\u0131 birl\u0259\u015fdirm\u0259y\u0259 \u00e7al\u0131\u015fm\u0131rsan\u0131z, pullar\u0131n geri al\u0131nmas\u0131 \u00fc\u00e7\u00fcn \u0259riz\u0259 d\u0259rhal ki\u00e7ik bir m\u0259nf\u0259\u0259td\u0259n sonra veril\u0259 bil\u0259r. Yadda saxlamaq laz\u0131md\u0131r ki, \u015firin Bonanza avtomat\u0131nda m\u0259nfi riyazi g\u00f6zl\u0259m\u0259, oyun avtomatlar\u0131 bazar\u0131nda RTP \u2013 96,51% (orta qiym\u0259td\u0259n yuxar\u0131), m\u00fcvafiq olaraq, udu\u015f v\u0259 uduzma \u015fanslar\u0131 t\u0259xmin\u0259n eynidir.<\/p>\n","protected":false},"excerpt":{"rendered":"<p>Sweet Bonanza \u2014 2019-cu ild\u0259 ortaya \u00e7\u0131xan Pragmatic Play-d\u0259n m\u0259\u015fhur bir slot. Hal-haz\u0131rda dem\u0259k olar ki, h\u0259r hans\u0131 bir b\u00f6y\u00fck onlayn kazinoda tap\u0131la bil\u0259r. Slot ba\u015flatt\u0131\u011f\u0131n\u0131zda, oyun\u00e7ular \u00e7\u0259hray\u0131 tonlar\u0131 bir parlaq interface cavab, yer-desert \u015firniyyat. Oyun bir ne\u00e7\u0259 dild\u0259 m\u00f6vcuddur v\u0259 bir \u00e7ox valyutan\u0131 d\u0259st\u0259kl\u0259yir. Biz dollarla oyun avtomat\u0131n\u0131n rusdilli versiyas\u0131 haqq\u0131nda dan\u0131\u015facay\u0131q (valyuta default [&hellip;]<\/p>\n","protected":false},"author":1,"featured_media":0,"parent":0,"menu_order":0,"comment_status":"closed","ping_status":"closed","template":"","meta":{"footnotes":""},"class_list":["post-297","page","type-page","status-publish","hentry"],"yoast_head":"<!-- This site is optimized with the Yoast SEO plugin v19.10 - https:\/\/yoast.com\/wordpress\/plugins\/seo\/ -->\n<title>Sweet Bonanza real pul - \u0259n yax\u015f\u0131 Online Casino<\/title>\n<meta name=\"description\" content=\"Real pul Sweet Bonanza oynamaq nec\u0259. Sweet Bonanza yuvas\u0131 olan m\u0259\u015fhur kazinolara istinadlar. Bonus 700 AZN + 250FS!\" \/>\n<meta name=\"robots\" content=\"index, follow, max-snippet:-1, max-image-preview:large, max-video-preview:-1\" \/>\n<link rel=\"canonical\" href=\"https:\/\/sweet-bonanza-game.com\/az\/real-money\/\" \/>\n<meta property=\"og:locale\" content=\"az_AZ\" \/>\n<meta property=\"og:type\" content=\"article\" \/>\n<meta property=\"og:title\" content=\"Sweet Bonanza real pul - \u0259n yax\u015f\u0131 Online Casino\" \/>\n<meta property=\"og:description\" content=\"Real pul Sweet Bonanza oynamaq nec\u0259. Sweet Bonanza yuvas\u0131 olan m\u0259\u015fhur kazinolara istinadlar. Bonus 700 AZN + 250FS!\" \/>\n<meta property=\"og:url\" content=\"https:\/\/sweet-bonanza-game.com\/az\/real-money\/\" \/>\n<meta property=\"og:site_name\" content=\"Sweet Bonanza\" \/>\n<meta property=\"article:modified_time\" content=\"2022-07-25T04:53:24+00:00\" \/>\n<meta property=\"og:image\" content=\"https:\/\/lh6.googleusercontent.com\/VVjPEA1qLSaTu2t7mCrVO7GoSf7dW9uZQExi0sNud9tWXK5-LY7c_7zXdAqRe-CEfUVzZeGCTuLCApYPBF5HHbQpxHDm870hkIwKFyzLTTHG0KJ0IaqFDMQFNe3ghDx5a1cVAJnS3ZCLR07dNw\" \/>\n<meta name=\"twitter:card\" content=\"summary_large_image\" \/>\n<meta name=\"twitter:label1\" content=\"Est. reading time\" \/>\n\t<meta name=\"twitter:data1\" content=\"6 minutes\" \/>\n<script type=\"application\/ld+json\" class=\"yoast-schema-graph\">{\"@context\":\"https:\/\/schema.org\",\"@graph\":[{\"@type\":\"WebPage\",\"@id\":\"https:\/\/sweet-bonanza-game.com\/az\/real-money\/\",\"url\":\"https:\/\/sweet-bonanza-game.com\/az\/real-money\/\",\"name\":\"Sweet Bonanza real pul - \u0259n yax\u015f\u0131 Online Casino\",\"isPartOf\":{\"@id\":\"https:\/\/sweet-bonanza-game.com\/#website\"},\"datePublished\":\"2022-07-23T13:10:46+00:00\",\"dateModified\":\"2022-07-25T04:53:24+00:00\",\"description\":\"Real pul Sweet Bonanza oynamaq nec\u0259. Sweet Bonanza yuvas\u0131 olan m\u0259\u015fhur kazinolara istinadlar. Bonus 700 AZN + 250FS!\",\"breadcrumb\":{\"@id\":\"https:\/\/sweet-bonanza-game.com\/az\/real-money\/#breadcrumb\"},\"inLanguage\":\"az\",\"potentialAction\":[{\"@type\":\"ReadAction\",\"target\":[\"https:\/\/sweet-bonanza-game.com\/az\/real-money\/\"]}]},{\"@type\":\"BreadcrumbList\",\"@id\":\"https:\/\/sweet-bonanza-game.com\/az\/real-money\/#breadcrumb\",\"itemListElement\":[{\"@type\":\"ListItem\",\"position\":1,\"name\":\"Home\",\"item\":\"https:\/\/sweet-bonanza-game.com\/az\/\"},{\"@type\":\"ListItem\",\"position\":2,\"name\":\"Sweet Bonanza pul play\"}]},{\"@type\":\"WebSite\",\"@id\":\"https:\/\/sweet-bonanza-game.com\/#website\",\"url\":\"https:\/\/sweet-bonanza-game.com\/\",\"name\":\"Sweet Bonanza\",\"description\":\"\",\"potentialAction\":[{\"@type\":\"SearchAction\",\"target\":{\"@type\":\"EntryPoint\",\"urlTemplate\":\"https:\/\/sweet-bonanza-game.com\/?s={search_term_string}\"},\"query-input\":\"required name=search_term_string\"}],\"inLanguage\":\"az\"}]}<\/script>\n<!-- \/ Yoast SEO plugin. -->","yoast_head_json":{"title":"Sweet Bonanza real pul - \u0259n yax\u015f\u0131 Online Casino","description":"Real pul Sweet Bonanza oynamaq nec\u0259. Sweet Bonanza yuvas\u0131 olan m\u0259\u015fhur kazinolara istinadlar. Bonus 700 AZN + 250FS!","robots":{"index":"index","follow":"follow","max-snippet":"max-snippet:-1","max-image-preview":"max-image-preview:large","max-video-preview":"max-video-preview:-1"},"canonical":"https:\/\/sweet-bonanza-game.com\/az\/real-money\/","og_locale":"az_AZ","og_type":"article","og_title":"Sweet Bonanza real pul - \u0259n yax\u015f\u0131 Online Casino","og_description":"Real pul Sweet Bonanza oynamaq nec\u0259. Sweet Bonanza yuvas\u0131 olan m\u0259\u015fhur kazinolara istinadlar. Bonus 700 AZN + 250FS!","og_url":"https:\/\/sweet-bonanza-game.com\/az\/real-money\/","og_site_name":"Sweet Bonanza","article_modified_time":"2022-07-25T04:53:24+00:00","og_image":[{"url":"https:\/\/lh6.googleusercontent.com\/VVjPEA1qLSaTu2t7mCrVO7GoSf7dW9uZQExi0sNud9tWXK5-LY7c_7zXdAqRe-CEfUVzZeGCTuLCApYPBF5HHbQpxHDm870hkIwKFyzLTTHG0KJ0IaqFDMQFNe3ghDx5a1cVAJnS3ZCLR07dNw"}],"twitter_card":"summary_large_image","twitter_misc":{"Est. reading time":"6 minutes"},"schema":{"@context":"https:\/\/schema.org","@graph":[{"@type":"WebPage","@id":"https:\/\/sweet-bonanza-game.com\/az\/real-money\/","url":"https:\/\/sweet-bonanza-game.com\/az\/real-money\/","name":"Sweet Bonanza real pul - \u0259n yax\u015f\u0131 Online Casino","isPartOf":{"@id":"https:\/\/sweet-bonanza-game.com\/#website"},"datePublished":"2022-07-23T13:10:46+00:00","dateModified":"2022-07-25T04:53:24+00:00","description":"Real pul Sweet Bonanza oynamaq nec\u0259. Sweet Bonanza yuvas\u0131 olan m\u0259\u015fhur kazinolara istinadlar. Bonus 700 AZN + 250FS!","breadcrumb":{"@id":"https:\/\/sweet-bonanza-game.com\/az\/real-money\/#breadcrumb"},"inLanguage":"az","potentialAction":[{"@type":"ReadAction","target":["https:\/\/sweet-bonanza-game.com\/az\/real-money\/"]}]},{"@type":"BreadcrumbList","@id":"https:\/\/sweet-bonanza-game.com\/az\/real-money\/#breadcrumb","itemListElement":[{"@type":"ListItem","position":1,"name":"Home","item":"https:\/\/sweet-bonanza-game.com\/az\/"},{"@type":"ListItem","position":2,"name":"Sweet Bonanza pul play"}]},{"@type":"WebSite","@id":"https:\/\/sweet-bonanza-game.com\/#website","url":"https:\/\/sweet-bonanza-game.com\/","name":"Sweet Bonanza","description":"","potentialAction":[{"@type":"SearchAction","target":{"@type":"EntryPoint","urlTemplate":"https:\/\/sweet-bonanza-game.com\/?s={search_term_string}"},"query-input":"required name=search_term_string"}],"inLanguage":"az"}]}},"_links":{"self":[{"href":"https:\/\/sweet-bonanza-game.com\/az\/wp-json\/wp\/v2\/pages\/297","targetHints":{"allow":["GET"]}}],"collection":[{"href":"https:\/\/sweet-bonanza-game.com\/az\/wp-json\/wp\/v2\/pages"}],"about":[{"href":"https:\/\/sweet-bonanza-game.com\/az\/wp-json\/wp\/v2\/types\/page"}],"author":[{"embeddable":true,"href":"https:\/\/sweet-bonanza-game.com\/az\/wp-json\/wp\/v2\/users\/1"}],"replies":[{"embeddable":true,"href":"https:\/\/sweet-bonanza-game.com\/az\/wp-json\/wp\/v2\/comments?post=297"}],"version-history":[{"count":6,"href":"https:\/\/sweet-bonanza-game.com\/az\/wp-json\/wp\/v2\/pages\/297\/revisions"}],"predecessor-version":[{"id":404,"href":"https:\/\/sweet-bonanza-game.com\/az\/wp-json\/wp\/v2\/pages\/297\/revisions\/404"}],"wp:attachment":[{"href":"https:\/\/sweet-bonanza-game.com\/az\/wp-json\/wp\/v2\/media?parent=297"}],"curies":[{"name":"wp","href":"https:\/\/api.w.org\/{rel}","templated":true}]}}